{"id":1520,"date":"2017-03-08T07:18:04","date_gmt":"2017-03-08T07:18:04","guid":{"rendered":"https:\/\/smartdata.tonytemplates.com\/car-repair-service-v4-services\/?page_id=2"},"modified":"2025-05-28T17:46:42","modified_gmt":"2025-05-28T15:46:42","slug":"about-us","status":"publish","type":"page","link":"https:\/\/dapsenegal.com\/?page_id=1520","title":{"rendered":"A Propos"},"content":{"rendered":"\t\t<div data-elementor-type=\"wp-page\" data-elementor-id=\"1520\" class=\"elementor elementor-1520\" data-elementor-post-type=\"page\">\n\t\t\t\t\t\t<section class=\"elementor-section elementor-top-section elementor-element elementor-element-f5a0648 elementor-section-stretched elementor-section-full_width elementor-section-height-default elementor-section-height-default\" data-id=\"f5a0648\" data-element_type=\"section\" data-settings=\"{&quot;stretch_section&quot;:&quot;section-stretched&quot;}\">\n\t\t\t\t\t\t<div class=\"elementor-container elementor-column-gap-no\">\n\t\t\t\t\t<div class=\"elementor-column elementor-col-100 elementor-top-column elementor-element elementor-element-992ef6c\" data-id=\"992ef6c\" data-element_type=\"column\">\n\t\t\t<div class=\"elementor-widget-wrap elementor-element-populated\">\n\t\t\t\t\t\t<div class=\"elementor-element elementor-element-349161e elementor-widget elementor-widget-about_us_1\" data-id=\"349161e\" data-element_type=\"widget\" data-widget_type=\"about_us_1.default\">\n\t\t\t\t<div class=\"elementor-widget-container\">\n\t\t\t\n\t\t<div class=\"block\">\n\t\t\t<div class=\"container no-indent\">\n\t\t\t\t<div class=\"wrapper-parallax-left02\">\n\t\t\t\t\t<div class=\"col-img\">\n\t\t\t\t\t\t<img fetchpriority=\"high\" decoding=\"async\" width=\"807\" height=\"1024\" src=\"https:\/\/dapsenegal.com\/wp-content\/uploads\/2025\/05\/WhatsApp-Image-2025-05-28-a-01.05.44_e649b2a9.jpg\" class=\"attachment-full size-full\" alt=\"\" srcset=\"https:\/\/dapsenegal.com\/wp-content\/uploads\/2025\/05\/WhatsApp-Image-2025-05-28-a-01.05.44_e649b2a9.jpg 807w, https:\/\/dapsenegal.com\/wp-content\/uploads\/2025\/05\/WhatsApp-Image-2025-05-28-a-01.05.44_e649b2a9-236x300.jpg 236w, https:\/\/dapsenegal.com\/wp-content\/uploads\/2025\/05\/WhatsApp-Image-2025-05-28-a-01.05.44_e649b2a9-768x975.jpg 768w, https:\/\/dapsenegal.com\/wp-content\/uploads\/2025\/05\/WhatsApp-Image-2025-05-28-a-01.05.44_e649b2a9-387x491.jpg 387w, https:\/\/dapsenegal.com\/wp-content\/uploads\/2025\/05\/WhatsApp-Image-2025-05-28-a-01.05.44_e649b2a9-600x761.jpg 600w\" sizes=\"(max-width: 807px) 100vw, 807px\" \/>\t\t\t\t\t<\/div>\n\t\t\t\t\t<div class=\"col-description\">\n\t\t\t\t\t\t<div class=\"block-title text-left\">\n\t\t\t\t\t\t\t<h3 class=\"block-title__title\">\n\t\t\t\t\t\t\t<span class=\"color\">DAP <\/span> ! 7 ans dans le march\u00e9 \t\t\t\t\t\t\t<\/h3>\n\t\t\t\t\t\t\t<div class=\"title-separator\"><\/div>\n\t\t\t\t\t\t<\/div>\n\t\t\t\t\t\t<p>Fond\u00e9e en 2017 DAP (Dakar Auto Parts) est une soci\u00e9t\u00e9 sp\u00e9cialis\u00e9e dans la vente; location de v\u00e9hicules; la distribution de pi\u00e8ces d\u00e9tach\u00e9es toutes marques et d'\u00e9quipement pour l'automobile.<br \/>Nous sommes votre interlocuteur de confiance pour tous types de r\u00e9paration en toute s\u00e9curit\u00e9 avec une \u00e9quipe dynamique et qualifi\u00e9e.<\/p><ul><li data-start=\"217\" data-end=\"370\"><p data-start=\"219\" data-end=\"370\"><strong data-start=\"221\" data-end=\"247\">Expertise multimarques<\/strong> : Nous travaillons avec toutes les grandes marques du march\u00e9 pour vous proposer des pi\u00e8ces d\u00e9tach\u00e9es fiables et garanties.<\/p><\/li><li data-start=\"372\" data-end=\"562\"><p data-start=\"374\" data-end=\"562\">\u00a0<strong data-start=\"377\" data-end=\"409\">Service de location flexible<\/strong> : Que ce soit pour un usage professionnel ou personnel, nous offrons des solutions de location adapt\u00e9es \u00e0 vos besoins.<\/p><\/li><li data-start=\"564\" data-end=\"734\"><p data-start=\"566\" data-end=\"734\">\u00a0<strong data-start=\"569\" data-end=\"602\">Atelier de r\u00e9paration moderne<\/strong> : Nos installations sont \u00e9quip\u00e9es d\u2019outils de derni\u00e8re g\u00e9n\u00e9ration pour diagnostiquer et r\u00e9parer efficacement tout type de v\u00e9hicule.<\/p><\/li><li data-start=\"895\" data-end=\"1030\"><p data-start=\"897\" data-end=\"1030\">\u00a0<strong data-start=\"901\" data-end=\"922\">Entretien complet<\/strong> : De la vidange au changement de moteur, nous assurons un entretien complet et<\/p><\/li><\/ul>\t\t\t\t\t<\/div>\n\t\t\t\t<\/div>\n\t\t\t\t<div class=\"divider-md\"><\/div>\n\t\t\t\t<div class=\"row\">\n\t\t\t\t\t\t\t\t\t<div class=\"col-md-4\">\n\t\t\t\t\t\t<h6 class=\"subtitle\">NOTRE MISSION<\/h6>\n\t\t\t\t\t\t<p>Notre mission est de servir nos clients et de toujours offrir le plus haut niveau de service client ; d\u00e9velopper notre \u00e9quipe et nous efforcer de nous am\u00e9liorer constamment ; et de nous conduire d'une mani\u00e8re respectueuse de l'environnement.<\/p>\t\t\t\t\t<\/div>\n\t\t\t\t\t\t\t\t\t\t<div class=\"divider-md hidden-lg hidden-md\"><\/div>\n\t\t\t\t\t\t\t\t\t\t\t\t\t\t\t<div class=\"col-md-4\">\n\t\t\t\t\t\t<h6 class=\"subtitle\">NOTRE VISION<\/h6>\n\t\t\t\t\t\t<p>\u00catre le leader le plus passionnant au monde dans le domaine des solutions de business intelligence automobile. Nous g\u00e9n\u00e9rerons de l'enthousiasme en mettant en \u0153uvre des id\u00e9es pionni\u00e8res, en r\u00e9solvant des probl\u00e8mes et en allant au-del\u00e0 des attentes de nos clients.<\/p>\t\t\t\t\t<\/div>\n\t\t\t\t\t\t\t\t\t\t<div class=\"divider-md hidden-lg hidden-md\"><\/div>\n\t\t\t\t\t\t\t\t\t\t\t\t\t\t\t<div class=\"col-md-4\">\n\t\t\t\t\t\t<h6 class=\"subtitle\">NOS VALEURS<\/h6>\n\t\t\t\t\t\t<ul><li><strong>Travail d'\u00e9quipe par la confiance et le respect.<\/strong><\/li><li><strong>Engagement envers l'enthousiasme du client.<\/strong><br \/><strong>Responsabilit\u00e9 \u00e0 tous les niveaux.<\/strong><\/li><li><strong>La passion de gagner.<\/strong><\/li><\/ul>\t\t\t\t\t<\/div>\n\t\t\t\t\t\t\t\t\t\t\t\t\t\t<\/div>\n\t\t\t<\/div>\n\t\t<\/div>\n\t\t\t\t<\/div>\n\t\t\t\t<\/div>\n\t\t\t\t<div class=\"elementor-element elementor-element-983111a elementor-widget elementor-widget-advantages_our_services\" data-id=\"983111a\" data-element_type=\"widget\" data-widget_type=\"advantages_our_services.default\">\n\t\t\t\t<div class=\"elementor-widget-container\">\n\t\t\t\t\t\t<div class=\"block position-relative overflow-hidden\">\n\t\t\t\t<div class=\"container-fluid no-gutters\">\n\t\t\t\t\t<div class=\"services-item-wrapper\">\n\t\t\t\t\t\t<div class=\"section__text-background text-color03 text-center\">Advantages<\/div>\n\t\t\t\t\t\t<div class=\"services-item\">\n\t\t\t\t\t\t\t<div class=\"services-title\">\n\t\t\t\t\t\t\t\t<h2 class=\"services-title__title\">Avantages\n<br>de<span class=\"color\"> notre Service<\/span><\/h2>\n\t\t\t\t\t\t\t\t<div class=\"title-separator\"><\/div>\n\t\t\t\t\t\t\t<\/div>\n\t\t\t\t\t\t\t<p>\n\t\t\t\t\t\t\tL'entretien automatique de votre voiture est une t\u00e2che essentielle qui ne doit pas \u00eatre ignor\u00e9e ou oubli\u00e9e. \t\t\t\t\t\t\t<\/p>\n\t\t\t\t\t\t\t\t\t\t\t\t\t\t<a href=\"#\" data-toggle=\"modal\" data-target=\"#appointmentForm\" class=\"btn btn-border btn-top\"><span>Obtenir un devis<\/span><\/a>\n\t\t\t\t\t\t\t\t\t\t\t\t\t<\/div>\n\t\t\t\t\t\t\t\t\t\t\t\t\t\t\t\t\t\n\t\t\t\t\t\t<div class=\"services-item services-bg-01\">\n\t\t\t\t\t\t\t<div class=\"services-box\">\n\t\t\t\t\t\t\t\t<div class=\"services-box__icon\">\n\t\t\t\t\t\t\t\t\t<span class=\" icon-271045\"><\/span>\n\t\t\t\t\t\t\t\t<\/div>\n\t\t\t\t\t\t\t\t<h6 class=\"services-box__title\">\n\t\t\t\t\t\t\t\tService orient\u00e9 client \t\t\t\t\t\t\t\t<\/h6>\n\t\t\t\t\t\t\t\t<p>\n\t\t\t\t\t\t\t\t\t\t\t\t\t\t\t\t<\/p>\n\t\t\t\t\t\t\t<\/div>\n\t\t\t\t\t\t<\/div>\n\t\t\t\t\t\t\t\t\t\t\t\t\t\t\t\t\t\t\t\n\t\t\t\t\t\t<div class=\"services-item services-bg-02\">\n\t\t\t\t\t\t\t<div class=\"services-box\">\n\t\t\t\t\t\t\t\t<div class=\"services-box__icon\">\n\t\t\t\t\t\t\t\t\t<span class=\" icon-808728\"><\/span>\n\t\t\t\t\t\t\t\t<\/div>\n\t\t\t\t\t\t\t\t<h6 class=\"services-box__title\">\n\t\t\t\t\t\t\t\tPrix \u200b\u200babordables \t\t\t\t\t\t\t\t<\/h6>\n\t\t\t\t\t\t\t\t<p>\n\t\t\t\t\t\t\t\t\t\t\t\t\t\t\t\t<\/p>\n\t\t\t\t\t\t\t<\/div>\n\t\t\t\t\t\t<\/div>\n\t\t\t\t\t\t\t\t\t\t\t\t\t\t\t\t\t\t\t\n\t\t\t\t\t\t<div class=\"services-item services-bg-03\">\n\t\t\t\t\t\t\t<div class=\"services-box\">\n\t\t\t\t\t\t\t\t<div class=\"services-box__icon\">\n\t\t\t\t\t\t\t\t\t<span class=\" icon-598823\"><\/span>\n\t\t\t\t\t\t\t\t<\/div>\n\t\t\t\t\t\t\t\t<h6 class=\"services-box__title\">\n\t\t\t\t\t\t\t\tPi\u00e8ces automobiles de haute qualit\u00e9 \t\t\t\t\t\t\t\t<\/h6>\n\t\t\t\t\t\t\t\t<p>\n\t\t\t\t\t\t\t\t\t\t\t\t\t\t\t\t<\/p>\n\t\t\t\t\t\t\t<\/div>\n\t\t\t\t\t\t<\/div>\n\t\t\t\t\t\t\t\t\t\t\t\t\t<\/div>\n\t\t\t\t<\/div>\n\t\t\t<\/div>\n\n\t\t\t\t<\/div>\n\t\t\t\t<\/div>\n\t\t\t\t\t<\/div>\n\t\t<\/div>\n\t\t\t\t\t<\/div>\n\t\t<\/section>\n\t\t\t\t<section class=\"elementor-section elementor-top-section elementor-element elementor-element-4b5479c elementor-section-stretched elementor-section-full_width elementor-section-height-default elementor-section-height-default\" data-id=\"4b5479c\" data-element_type=\"section\" data-settings=\"{&quot;stretch_section&quot;:&quot;section-stretched&quot;,&quot;background_background&quot;:&quot;classic&quot;}\">\n\t\t\t\t\t\t<div class=\"elementor-container elementor-column-gap-default\">\n\t\t\t\t\t<div class=\"elementor-column elementor-col-100 elementor-top-column elementor-element elementor-element-6f52dad\" data-id=\"6f52dad\" data-element_type=\"column\">\n\t\t\t<div class=\"elementor-widget-wrap elementor-element-populated\">\n\t\t\t\t\t\t<div class=\"elementor-element elementor-element-89a0f3f elementor-widget elementor-widget-appointment_schedule\" data-id=\"89a0f3f\" data-element_type=\"widget\" data-widget_type=\"appointment_schedule.default\">\n\t\t\t\t<div class=\"elementor-widget-container\">\n\t\t\t\t\t\t<div class=\"block bg-custom-01 style-theme-01 \">\n  <div class=\"section__text-background text-color02 text-center text-background__center\">\n\t\t\t<\/div>\n  <div class=\"text-center\">\n\t<h2 class=\"h-lg\">Des d\u00e9g\u00e2ts sur votre v\u00e9hicule ? <span class=\"color\">On s'en occupe<\/span><\/h2>\n\t<p class=\"info\">N'h\u00e9sitez pas \u00e0 nous contacter<\/p>\n\t<h2 class=\"h-phone\">+221 33 822 14 53<\/h2>\n\t<div class=\"btn-inline\">\n\t\t\t\t  <a class=\"btn btn-border btn-wide\" href=\"#\" data-toggle=\"modal\"\n\t\tdata-target=\"#\"><span>Un doute ? Parlons-en.<\/span><\/a>\n\t  \t<\/div>\n  <\/div>\n<\/div>\n\n\t\t\t\t\t<\/div>\n\t\t\t\t<\/div>\n\t\t\t\t\t<\/div>\n\t\t<\/div>\n\t\t\t\t\t<\/div>\n\t\t<\/section>\n\t\t\t\t<\/div>\n\t\t","protected":false},"excerpt":{"rendered":"<p>DAP ! 7 ans dans le march\u00e9 Fond\u00e9e en 2017 DAP (Dakar Auto Parts) est une soci\u00e9t\u00e9 sp\u00e9cialis\u00e9e dans la vente; location de v\u00e9hicules; la distribution de pi\u00e8ces d\u00e9tach\u00e9es toutes marques et d&#8217;\u00e9quipement pour l&#8217;automobile.Nous sommes votre interlocuteur de confiance pour tous types de r\u00e9paration en toute s\u00e9curit\u00e9 avec une \u00e9quipe dynamique et qualifi\u00e9e. Expertise [&hellip;]<\/p>\n","protected":false},"author":1,"featured_media":2949,"parent":0,"menu_order":0,"comment_status":"closed","ping_status":"closed","template":"","meta":{"footnotes":""},"class_list":["post-1520","page","type-page","status-publish","has-post-thumbnail","hentry"],"yoast_head":"<!-- This site is optimized with the Yoast SEO plugin v23.6 - https:\/\/yoast.com\/wordpress\/plugins\/seo\/ -->\n<title>A Propos - dapsenegal<\/title>\n<meta name=\"robots\" content=\"index, follow, max-snippet:-1, max-image-preview:large, max-video-preview:-1\" \/>\n<link rel=\"canonical\" href=\"https:\/\/dapsenegal.com\/?page_id=1520\" \/>\n<meta property=\"og:locale\" content=\"fr_FR\" \/>\n<meta property=\"og:type\" content=\"article\" \/>\n<meta property=\"og:title\" content=\"A Propos - dapsenegal\" \/>\n<meta property=\"og:description\" content=\"DAP ! 7 ans dans le march\u00e9 Fond\u00e9e en 2017 DAP (Dakar Auto Parts) est une soci\u00e9t\u00e9 sp\u00e9cialis\u00e9e dans la vente; location de v\u00e9hicules; la distribution de pi\u00e8ces d\u00e9tach\u00e9es toutes marques et d&#8217;\u00e9quipement pour l&#8217;automobile.Nous sommes votre interlocuteur de confiance pour tous types de r\u00e9paration en toute s\u00e9curit\u00e9 avec une \u00e9quipe dynamique et qualifi\u00e9e. Expertise [&hellip;]\" \/>\n<meta property=\"og:url\" content=\"https:\/\/dapsenegal.com\/?page_id=1520\" \/>\n<meta property=\"og:site_name\" content=\"dapsenegal\" \/>\n<meta property=\"article:modified_time\" content=\"2025-05-28T15:46:42+00:00\" \/>\n<meta name=\"twitter:card\" content=\"summary_large_image\" \/>\n<meta name=\"twitter:label1\" content=\"Dur\u00e9e de lecture estim\u00e9e\" \/>\n\t<meta name=\"twitter:data1\" content=\"2 minutes\" \/>\n<script type=\"application\/ld+json\" class=\"yoast-schema-graph\">{\"@context\":\"https:\/\/schema.org\",\"@graph\":[{\"@type\":\"WebPage\",\"@id\":\"https:\/\/dapsenegal.com\/?page_id=1520\",\"url\":\"https:\/\/dapsenegal.com\/?page_id=1520\",\"name\":\"A Propos - dapsenegal\",\"isPartOf\":{\"@id\":\"https:\/\/dapsenegal.com\/#website\"},\"primaryImageOfPage\":{\"@id\":\"https:\/\/dapsenegal.com\/?page_id=1520#primaryimage\"},\"image\":{\"@id\":\"https:\/\/dapsenegal.com\/?page_id=1520#primaryimage\"},\"thumbnailUrl\":\"https:\/\/dapsenegal.com\/wp-content\/uploads\/2017\/03\/vue-voiture-3d_23-2150796980.avif\",\"datePublished\":\"2017-03-08T07:18:04+00:00\",\"dateModified\":\"2025-05-28T15:46:42+00:00\",\"breadcrumb\":{\"@id\":\"https:\/\/dapsenegal.com\/?page_id=1520#breadcrumb\"},\"inLanguage\":\"fr-FR\",\"potentialAction\":[{\"@type\":\"ReadAction\",\"target\":[\"https:\/\/dapsenegal.com\/?page_id=1520\"]}]},{\"@type\":\"ImageObject\",\"inLanguage\":\"fr-FR\",\"@id\":\"https:\/\/dapsenegal.com\/?page_id=1520#primaryimage\",\"url\":\"https:\/\/dapsenegal.com\/wp-content\/uploads\/2017\/03\/vue-voiture-3d_23-2150796980.avif\",\"contentUrl\":\"https:\/\/dapsenegal.com\/wp-content\/uploads\/2017\/03\/vue-voiture-3d_23-2150796980.avif\",\"width\":740,\"height\":740},{\"@type\":\"BreadcrumbList\",\"@id\":\"https:\/\/dapsenegal.com\/?page_id=1520#breadcrumb\",\"itemListElement\":[{\"@type\":\"ListItem\",\"position\":1,\"name\":\"Home\",\"item\":\"https:\/\/dapsenegal.com\/\"},{\"@type\":\"ListItem\",\"position\":2,\"name\":\"A Propos\"}]},{\"@type\":\"WebSite\",\"@id\":\"https:\/\/dapsenegal.com\/#website\",\"url\":\"https:\/\/dapsenegal.com\/\",\"name\":\"dapsenegal\",\"description\":\"\",\"potentialAction\":[{\"@type\":\"SearchAction\",\"target\":{\"@type\":\"EntryPoint\",\"urlTemplate\":\"https:\/\/dapsenegal.com\/?s={search_term_string}\"},\"query-input\":{\"@type\":\"PropertyValueSpecification\",\"valueRequired\":true,\"valueName\":\"search_term_string\"}}],\"inLanguage\":\"fr-FR\"}]}<\/script>\n<!-- \/ Yoast SEO plugin. -->","yoast_head_json":{"title":"A Propos - dapsenegal","robots":{"index":"index","follow":"follow","max-snippet":"max-snippet:-1","max-image-preview":"max-image-preview:large","max-video-preview":"max-video-preview:-1"},"canonical":"https:\/\/dapsenegal.com\/?page_id=1520","og_locale":"fr_FR","og_type":"article","og_title":"A Propos - dapsenegal","og_description":"DAP ! 7 ans dans le march\u00e9 Fond\u00e9e en 2017 DAP (Dakar Auto Parts) est une soci\u00e9t\u00e9 sp\u00e9cialis\u00e9e dans la vente; location de v\u00e9hicules; la distribution de pi\u00e8ces d\u00e9tach\u00e9es toutes marques et d&#8217;\u00e9quipement pour l&#8217;automobile.Nous sommes votre interlocuteur de confiance pour tous types de r\u00e9paration en toute s\u00e9curit\u00e9 avec une \u00e9quipe dynamique et qualifi\u00e9e. Expertise [&hellip;]","og_url":"https:\/\/dapsenegal.com\/?page_id=1520","og_site_name":"dapsenegal","article_modified_time":"2025-05-28T15:46:42+00:00","twitter_card":"summary_large_image","twitter_misc":{"Dur\u00e9e de lecture estim\u00e9e":"2 minutes"},"schema":{"@context":"https:\/\/schema.org","@graph":[{"@type":"WebPage","@id":"https:\/\/dapsenegal.com\/?page_id=1520","url":"https:\/\/dapsenegal.com\/?page_id=1520","name":"A Propos - dapsenegal","isPartOf":{"@id":"https:\/\/dapsenegal.com\/#website"},"primaryImageOfPage":{"@id":"https:\/\/dapsenegal.com\/?page_id=1520#primaryimage"},"image":{"@id":"https:\/\/dapsenegal.com\/?page_id=1520#primaryimage"},"thumbnailUrl":"https:\/\/dapsenegal.com\/wp-content\/uploads\/2017\/03\/vue-voiture-3d_23-2150796980.avif","datePublished":"2017-03-08T07:18:04+00:00","dateModified":"2025-05-28T15:46:42+00:00","breadcrumb":{"@id":"https:\/\/dapsenegal.com\/?page_id=1520#breadcrumb"},"inLanguage":"fr-FR","potentialAction":[{"@type":"ReadAction","target":["https:\/\/dapsenegal.com\/?page_id=1520"]}]},{"@type":"ImageObject","inLanguage":"fr-FR","@id":"https:\/\/dapsenegal.com\/?page_id=1520#primaryimage","url":"https:\/\/dapsenegal.com\/wp-content\/uploads\/2017\/03\/vue-voiture-3d_23-2150796980.avif","contentUrl":"https:\/\/dapsenegal.com\/wp-content\/uploads\/2017\/03\/vue-voiture-3d_23-2150796980.avif","width":740,"height":740},{"@type":"BreadcrumbList","@id":"https:\/\/dapsenegal.com\/?page_id=1520#breadcrumb","itemListElement":[{"@type":"ListItem","position":1,"name":"Home","item":"https:\/\/dapsenegal.com\/"},{"@type":"ListItem","position":2,"name":"A Propos"}]},{"@type":"WebSite","@id":"https:\/\/dapsenegal.com\/#website","url":"https:\/\/dapsenegal.com\/","name":"dapsenegal","description":"","potentialAction":[{"@type":"SearchAction","target":{"@type":"EntryPoint","urlTemplate":"https:\/\/dapsenegal.com\/?s={search_term_string}"},"query-input":{"@type":"PropertyValueSpecification","valueRequired":true,"valueName":"search_term_string"}}],"inLanguage":"fr-FR"}]}},"_links":{"self":[{"href":"https:\/\/dapsenegal.com\/index.php?rest_route=\/wp\/v2\/pages\/1520","targetHints":{"allow":["GET"]}}],"collection":[{"href":"https:\/\/dapsenegal.com\/index.php?rest_route=\/wp\/v2\/pages"}],"about":[{"href":"https:\/\/dapsenegal.com\/index.php?rest_route=\/wp\/v2\/types\/page"}],"author":[{"embeddable":true,"href":"https:\/\/dapsenegal.com\/index.php?rest_route=\/wp\/v2\/users\/1"}],"replies":[{"embeddable":true,"href":"https:\/\/dapsenegal.com\/index.php?rest_route=%2Fwp%2Fv2%2Fcomments&post=1520"}],"version-history":[{"count":28,"href":"https:\/\/dapsenegal.com\/index.php?rest_route=\/wp\/v2\/pages\/1520\/revisions"}],"predecessor-version":[{"id":3080,"href":"https:\/\/dapsenegal.com\/index.php?rest_route=\/wp\/v2\/pages\/1520\/revisions\/3080"}],"wp:featuredmedia":[{"embeddable":true,"href":"https:\/\/dapsenegal.com\/index.php?rest_route=\/wp\/v2\/media\/2949"}],"wp:attachment":[{"href":"https:\/\/dapsenegal.com\/index.php?rest_route=%2Fwp%2Fv2%2Fmedia&parent=1520"}],"curies":[{"name":"wp","href":"https:\/\/api.w.org\/{rel}","templated":true}]}}