{"id":2893,"date":"2025-05-23T17:15:28","date_gmt":"2025-05-23T15:15:28","guid":{"rendered":"https:\/\/dapsenegal.com\/?page_id=2893"},"modified":"2025-05-28T17:50:14","modified_gmt":"2025-05-28T15:50:14","slug":"location-de-voiture","status":"publish","type":"page","link":"https:\/\/dapsenegal.com\/?page_id=2893","title":{"rendered":"Location de voiture"},"content":{"rendered":"\t\t<div data-elementor-type=\"wp-page\" data-elementor-id=\"2893\" class=\"elementor elementor-2893\" data-elementor-post-type=\"page\">\n\t\t\t\t<div class=\"elementor-element elementor-element-27ad670 e-flex e-con-boxed e-con e-parent\" data-id=\"27ad670\" data-element_type=\"container\">\n\t\t\t\t\t<div class=\"e-con-inner\">\n\t\t<div class=\"elementor-element elementor-element-1a1f5b1 e-con-full e-flex e-con e-child\" data-id=\"1a1f5b1\" data-element_type=\"container\">\n\t\t\t\t<div class=\"elementor-element elementor-element-7b83bfc elementor-widget elementor-widget-image\" data-id=\"7b83bfc\" data-element_type=\"widget\" data-widget_type=\"image.default\">\n\t\t\t\t<div class=\"elementor-widget-container\">\n\t\t\t\t\t\t\t\t\t\t\t\t\t<img fetchpriority=\"high\" decoding=\"async\" width=\"640\" height=\"960\" src=\"https:\/\/dapsenegal.com\/wp-content\/uploads\/2025\/05\/smiley-femme-tenant-ses-cles-voiture_23-2148685321-683x1024.jpg\" class=\"attachment-large size-large wp-image-2959\" alt=\"\" srcset=\"https:\/\/dapsenegal.com\/wp-content\/uploads\/2025\/05\/smiley-femme-tenant-ses-cles-voiture_23-2148685321-683x1024.jpg 683w, https:\/\/dapsenegal.com\/wp-content\/uploads\/2025\/05\/smiley-femme-tenant-ses-cles-voiture_23-2148685321-200x300.jpg 200w, https:\/\/dapsenegal.com\/wp-content\/uploads\/2025\/05\/smiley-femme-tenant-ses-cles-voiture_23-2148685321-327x491.jpg 327w, https:\/\/dapsenegal.com\/wp-content\/uploads\/2025\/05\/smiley-femme-tenant-ses-cles-voiture_23-2148685321-600x900.jpg 600w, https:\/\/dapsenegal.com\/wp-content\/uploads\/2025\/05\/smiley-femme-tenant-ses-cles-voiture_23-2148685321.avif 740w\" sizes=\"(max-width: 640px) 100vw, 640px\" \/>\t\t\t\t\t\t\t\t\t\t\t\t\t<\/div>\n\t\t\t\t<\/div>\n\t\t\t\t<\/div>\n\t\t<div class=\"elementor-element elementor-element-407700c e-con-full e-flex e-con e-child\" data-id=\"407700c\" data-element_type=\"container\">\n\t\t\t\t<div class=\"elementor-element elementor-element-33c4bb8 elementor-widget elementor-widget-heading\" data-id=\"33c4bb8\" data-element_type=\"widget\" data-widget_type=\"heading.default\">\n\t\t\t\t<div class=\"elementor-widget-container\">\n\t\t\t<h2 class=\"elementor-heading-title elementor-size-default\">Conduisez l\u2019esprit libre avec DAPSENEGAL<\/h2>\t\t<\/div>\n\t\t\t\t<\/div>\n\t\t\t\t<div class=\"elementor-element elementor-element-2b35d1d elementor-widget elementor-widget-text-editor\" data-id=\"2b35d1d\" data-element_type=\"widget\" data-widget_type=\"text-editor.default\">\n\t\t\t\t<div class=\"elementor-widget-container\">\n\t\t\t\t\t\t\t<p>Vous avez besoin d\u2019un v\u00e9hicule pour un jour, une semaine ou plusieurs mois ? <strong data-start=\"449\" data-end=\"456\">DAPSENEGAL<\/strong> vous propose un service de <strong data-start=\"484\" data-end=\"527\">location de voitures flexible et fiable<\/strong>, avec un large choix de mod\u00e8les r\u00e9cents, bien entretenus, et adapt\u00e9s \u00e0 tous vos d\u00e9placements : professionnels, familiaux ou touristiques.<\/p><h3 data-start=\"672\" data-end=\"707\"><strong data-start=\"678\" data-end=\"707\">Pourquoi louer avec nous ?<\/strong><\/h3><ul data-start=\"709\" data-end=\"1109\"><li data-start=\"709\" data-end=\"815\"><p data-start=\"711\" data-end=\"815\">\u00a0<strong data-start=\"714\" data-end=\"746\">V\u00e9hicules r\u00e9cents et r\u00e9vis\u00e9s<\/strong> : chaque voiture est soigneusement entretenue avant chaque location.<\/p><\/li><li data-start=\"816\" data-end=\"893\"><p data-start=\"818\" data-end=\"893\"><strong data-start=\"821\" data-end=\"847\">Large gamme disponible<\/strong> : citadines, SUV, berlines, 4&#215;4, utilitaires\u2026<\/p><\/li><li data-start=\"894\" data-end=\"981\"><p data-start=\"896\" data-end=\"981\">\u00a0<strong data-start=\"899\" data-end=\"935\">Service professionnel et r\u00e9actif<\/strong> : r\u00e9servation simple, prise en charge rapide.<\/p><\/li><li data-start=\"982\" data-end=\"1048\"><p data-start=\"984\" data-end=\"1048\">\u00a0<strong data-start=\"987\" data-end=\"1025\">Tarifs transparents et comp\u00e9titifs<\/strong> : pas de frais cach\u00e9s.<\/p><\/li><li data-start=\"1049\" data-end=\"1109\"><p data-start=\"1051\" data-end=\"1109\">\u00a0<strong data-start=\"1055\" data-end=\"1076\">Assurance incluse<\/strong> pour rouler l\u2019esprit tranquille.<\/p><\/li><\/ul>\t\t\t\t\t\t<\/div>\n\t\t\t\t<\/div>\n\t\t\t\t<\/div>\n\t\t\t\t\t<\/div>\n\t\t\t\t<\/div>\n\t\t<div class=\"elementor-element elementor-element-aeea964 animated-slow e-flex e-con-boxed elementor-invisible e-con e-parent\" data-id=\"aeea964\" data-element_type=\"container\" data-settings=\"{&quot;animation&quot;:&quot;fadeInDown&quot;}\">\n\t\t\t\t\t<div class=\"e-con-inner\">\n\t\t\t\t<div class=\"elementor-element elementor-element-ad8d55d elementor-widget elementor-widget-heading\" data-id=\"ad8d55d\" data-element_type=\"widget\" data-widget_type=\"heading.default\">\n\t\t\t\t<div class=\"elementor-widget-container\">\n\t\t\t<h2 class=\"elementor-heading-title elementor-size-default\">Nos options<span class=\"color\"> location<\/span><\/h2>\t\t<\/div>\n\t\t\t\t<\/div>\n\t\t\t\t\t<\/div>\n\t\t\t\t<\/div>\n\t\t<div class=\"elementor-element elementor-element-03379e0 e-grid e-con-boxed elementor-invisible e-con e-parent\" data-id=\"03379e0\" data-element_type=\"container\" data-settings=\"{&quot;animation&quot;:&quot;fadeInLeft&quot;}\">\n\t\t\t\t\t<div class=\"e-con-inner\">\n\t\t\t\t<div class=\"elementor-element elementor-element-5152656 elementor-position-top elementor-widget elementor-widget-image-box\" data-id=\"5152656\" data-element_type=\"widget\" data-widget_type=\"image-box.default\">\n\t\t\t\t<div class=\"elementor-widget-container\">\n\t\t\t<div class=\"elementor-image-box-wrapper\"><figure class=\"elementor-image-box-img\"><img decoding=\"async\" width=\"640\" height=\"427\" src=\"https:\/\/dapsenegal.com\/wp-content\/uploads\/2025\/05\/couple-afro-americain-et-femme-conduisant-une-voiture-dans-la-rue.jpg\" class=\"attachment-large size-large wp-image-2961\" alt=\"\" \/><\/figure><div class=\"elementor-image-box-content\"><h3 class=\"elementor-image-box-title\">Location journali\u00e8re<\/h3><p class=\"elementor-image-box-description\">La location \u00e0 la journ\u00e9e est parfaite pour ceux qui ont besoin d\u2019un v\u00e9hicule pour une courte p\u00e9riode. Que ce soit pour une course urgente, un rendez-vous professionnel, un d\u00e9placement familial ou un \u00e9v\u00e9nement sp\u00e9cial, cette formule vous permet de louer une voiture pour une dur\u00e9e minimale de 24 heures. <\/p><\/div><\/div>\t\t<\/div>\n\t\t\t\t<\/div>\n\t\t\t\t<div class=\"elementor-element elementor-element-473bc81 elementor-position-top elementor-widget elementor-widget-image-box\" data-id=\"473bc81\" data-element_type=\"widget\" data-widget_type=\"image-box.default\">\n\t\t\t\t<div class=\"elementor-widget-container\">\n\t\t\t<div class=\"elementor-image-box-wrapper\"><figure class=\"elementor-image-box-img\"><img decoding=\"async\" width=\"2560\" height=\"1707\" src=\"https:\/\/dapsenegal.com\/wp-content\/uploads\/2025\/05\/coup-moyen-homme-ouvrant-la-porte-de-la-voiture-scaled.jpg\" class=\"attachment-full size-full wp-image-2962\" alt=\"\" srcset=\"https:\/\/dapsenegal.com\/wp-content\/uploads\/2025\/05\/coup-moyen-homme-ouvrant-la-porte-de-la-voiture-scaled.jpg 2560w, https:\/\/dapsenegal.com\/wp-content\/uploads\/2025\/05\/coup-moyen-homme-ouvrant-la-porte-de-la-voiture-300x200.jpg 300w, https:\/\/dapsenegal.com\/wp-content\/uploads\/2025\/05\/coup-moyen-homme-ouvrant-la-porte-de-la-voiture-1024x683.jpg 1024w, https:\/\/dapsenegal.com\/wp-content\/uploads\/2025\/05\/coup-moyen-homme-ouvrant-la-porte-de-la-voiture-768x512.jpg 768w, https:\/\/dapsenegal.com\/wp-content\/uploads\/2025\/05\/coup-moyen-homme-ouvrant-la-porte-de-la-voiture-1536x1024.jpg 1536w, https:\/\/dapsenegal.com\/wp-content\/uploads\/2025\/05\/coup-moyen-homme-ouvrant-la-porte-de-la-voiture-2048x1365.jpg 2048w, https:\/\/dapsenegal.com\/wp-content\/uploads\/2025\/05\/coup-moyen-homme-ouvrant-la-porte-de-la-voiture-737x491.jpg 737w, https:\/\/dapsenegal.com\/wp-content\/uploads\/2025\/05\/coup-moyen-homme-ouvrant-la-porte-de-la-voiture-600x400.jpg 600w\" sizes=\"(max-width: 2560px) 100vw, 2560px\" \/><\/figure><div class=\"elementor-image-box-content\"><h3 class=\"elementor-image-box-title\">Location hebdomadaire<\/h3><p class=\"elementor-image-box-description\">Si vous avez besoin d\u2019un v\u00e9hicule pour une p\u00e9riode plus longue, notre formule de location hebdomadaire est id\u00e9ale. Elle convient parfaitement pour les vacances, les s\u00e9jours professionnels ou encore les missions temporaires. En optant pour une dur\u00e9e de 7 jours ou plus, vous profitez de tarifs d\u00e9gressifs tout en b\u00e9n\u00e9ficiant d\u2019un service complet. <\/p><\/div><\/div>\t\t<\/div>\n\t\t\t\t<\/div>\n\t\t\t\t<div class=\"elementor-element elementor-element-af8929c elementor-position-top elementor-widget elementor-widget-image-box\" data-id=\"af8929c\" data-element_type=\"widget\" data-widget_type=\"image-box.default\">\n\t\t\t\t<div class=\"elementor-widget-container\">\n\t\t\t<div class=\"elementor-image-box-wrapper\"><figure class=\"elementor-image-box-img\"><img loading=\"lazy\" decoding=\"async\" width=\"640\" height=\"427\" src=\"https:\/\/dapsenegal.com\/wp-content\/uploads\/2025\/05\/chauffeur-uber-elegant-donnant-un-taxi-1024x683.jpg\" class=\"attachment-large size-large wp-image-2960\" alt=\"\" srcset=\"https:\/\/dapsenegal.com\/wp-content\/uploads\/2025\/05\/chauffeur-uber-elegant-donnant-un-taxi-1024x683.jpg 1024w, https:\/\/dapsenegal.com\/wp-content\/uploads\/2025\/05\/chauffeur-uber-elegant-donnant-un-taxi-300x200.jpg 300w, https:\/\/dapsenegal.com\/wp-content\/uploads\/2025\/05\/chauffeur-uber-elegant-donnant-un-taxi-768x512.jpg 768w, https:\/\/dapsenegal.com\/wp-content\/uploads\/2025\/05\/chauffeur-uber-elegant-donnant-un-taxi-1536x1024.jpg 1536w, https:\/\/dapsenegal.com\/wp-content\/uploads\/2025\/05\/chauffeur-uber-elegant-donnant-un-taxi-736x491.jpg 736w, https:\/\/dapsenegal.com\/wp-content\/uploads\/2025\/05\/chauffeur-uber-elegant-donnant-un-taxi-600x400.jpg 600w\" sizes=\"(max-width: 640px) 100vw, 640px\" \/><\/figure><div class=\"elementor-image-box-content\"><h3 class=\"elementor-image-box-title\">Location longue dur\u00e9e <\/h3><p class=\"elementor-image-box-description\">Pour les professionnels, les entreprises ou les particuliers qui ont besoin d\u2019un v\u00e9hicule sur une p\u00e9riode prolong\u00e9e, nous proposons des offres sur mesure en location longue dur\u00e9e. Cette formule est con\u00e7ue pour ceux qui souhaitent rouler sans contrainte, tout en ma\u00eetrisant leur budget. <\/p><\/div><\/div>\t\t<\/div>\n\t\t\t\t<\/div>\n\t\t\t\t\t<\/div>\n\t\t\t\t<\/div>\n\t\t<div class=\"elementor-element elementor-element-655f653 e-flex e-con-boxed elementor-invisible e-con e-parent\" data-id=\"655f653\" data-element_type=\"container\" data-settings=\"{&quot;animation&quot;:&quot;fadeInRight&quot;}\">\n\t\t\t\t\t<div class=\"e-con-inner\">\n\t\t<div class=\"elementor-element elementor-element-01f7ff4 e-con-full e-flex e-con e-child\" data-id=\"01f7ff4\" data-element_type=\"container\">\n\t\t\t\t<div class=\"elementor-element elementor-element-7a9f8f9 elementor-widget elementor-widget-image\" data-id=\"7a9f8f9\" data-element_type=\"widget\" data-widget_type=\"image.default\">\n\t\t\t\t<div class=\"elementor-widget-container\">\n\t\t\t\t\t\t\t\t\t\t\t\t\t<img loading=\"lazy\" decoding=\"async\" width=\"640\" height=\"427\" src=\"https:\/\/dapsenegal.com\/wp-content\/uploads\/2025\/05\/fermez-les-amis-souriants-avec-la-voiture-1024x683.jpg\" class=\"attachment-large size-large wp-image-2963\" alt=\"\" srcset=\"https:\/\/dapsenegal.com\/wp-content\/uploads\/2025\/05\/fermez-les-amis-souriants-avec-la-voiture-1024x683.jpg 1024w, https:\/\/dapsenegal.com\/wp-content\/uploads\/2025\/05\/fermez-les-amis-souriants-avec-la-voiture-300x200.jpg 300w, https:\/\/dapsenegal.com\/wp-content\/uploads\/2025\/05\/fermez-les-amis-souriants-avec-la-voiture-768x512.jpg 768w, https:\/\/dapsenegal.com\/wp-content\/uploads\/2025\/05\/fermez-les-amis-souriants-avec-la-voiture-1536x1024.jpg 1536w, https:\/\/dapsenegal.com\/wp-content\/uploads\/2025\/05\/fermez-les-amis-souriants-avec-la-voiture-737x491.jpg 737w, https:\/\/dapsenegal.com\/wp-content\/uploads\/2025\/05\/fermez-les-amis-souriants-avec-la-voiture-600x400.jpg 600w\" sizes=\"(max-width: 640px) 100vw, 640px\" \/>\t\t\t\t\t\t\t\t\t\t\t\t\t<\/div>\n\t\t\t\t<\/div>\n\t\t\t\t<\/div>\n\t\t<div class=\"elementor-element elementor-element-0b3d157 e-con-full e-flex e-con e-child\" data-id=\"0b3d157\" data-element_type=\"container\">\n\t\t\t\t<div class=\"elementor-element elementor-element-ee891c9 elementor-widget elementor-widget-heading\" data-id=\"ee891c9\" data-element_type=\"widget\" data-widget_type=\"heading.default\">\n\t\t\t\t<div class=\"elementor-widget-container\">\n\t\t\t<h2 class=\"elementor-heading-title elementor-size-default\">Besoin d\u2019un conseil ?<\/h2>\t\t<\/div>\n\t\t\t\t<\/div>\n\t\t\t\t<div class=\"elementor-element elementor-element-205b5f4 elementor-widget elementor-widget-text-editor\" data-id=\"205b5f4\" data-element_type=\"widget\" data-widget_type=\"text-editor.default\">\n\t\t\t\t<div class=\"elementor-widget-container\">\n\t\t\t\t\t\t\t<p>Notre \u00e9quipe est \u00e0 votre \u00e9coute pour vous aider \u00e0 choisir le v\u00e9hicule id\u00e9al selon votre usage et votre budget.<\/p>\t\t\t\t\t\t<\/div>\n\t\t\t\t<\/div>\n\t\t\t\t<\/div>\n\t\t\t\t\t<\/div>\n\t\t\t\t<\/div>\n\t\t\t\t<\/div>\n\t\t","protected":false},"excerpt":{"rendered":"<p>Conduisez l\u2019esprit libre avec DAPSENEGAL Vous avez besoin d\u2019un v\u00e9hicule pour un jour, une semaine ou plusieurs mois ? DAPSENEGAL vous propose un service de location de voitures flexible et fiable, avec un large choix de mod\u00e8les r\u00e9cents, bien entretenus, et adapt\u00e9s \u00e0 tous vos d\u00e9placements : professionnels, familiaux ou touristiques. Pourquoi louer avec nous [&hellip;]<\/p>\n","protected":false},"author":1,"featured_media":2914,"parent":0,"menu_order":0,"comment_status":"closed","ping_status":"closed","template":"","meta":{"footnotes":""},"class_list":["post-2893","page","type-page","status-publish","has-post-thumbnail","hentry"],"yoast_head":"<!-- This site is optimized with the Yoast SEO plugin v23.6 - https:\/\/yoast.com\/wordpress\/plugins\/seo\/ -->\n<title>Location de voiture - dapsenegal<\/title>\n<meta name=\"robots\" content=\"index, follow, max-snippet:-1, max-image-preview:large, max-video-preview:-1\" \/>\n<link rel=\"canonical\" href=\"https:\/\/dapsenegal.com\/?page_id=2893\" \/>\n<meta property=\"og:locale\" content=\"fr_FR\" \/>\n<meta property=\"og:type\" content=\"article\" \/>\n<meta property=\"og:title\" content=\"Location de voiture - dapsenegal\" \/>\n<meta property=\"og:description\" content=\"Conduisez l\u2019esprit libre avec DAPSENEGAL Vous avez besoin d\u2019un v\u00e9hicule pour un jour, une semaine ou plusieurs mois ? DAPSENEGAL vous propose un service de location de voitures flexible et fiable, avec un large choix de mod\u00e8les r\u00e9cents, bien entretenus, et adapt\u00e9s \u00e0 tous vos d\u00e9placements : professionnels, familiaux ou touristiques. Pourquoi louer avec nous [&hellip;]\" \/>\n<meta property=\"og:url\" content=\"https:\/\/dapsenegal.com\/?page_id=2893\" \/>\n<meta property=\"og:site_name\" content=\"dapsenegal\" \/>\n<meta property=\"article:modified_time\" content=\"2025-05-28T15:50:14+00:00\" \/>\n<meta name=\"twitter:card\" content=\"summary_large_image\" \/>\n<meta name=\"twitter:label1\" content=\"Dur\u00e9e de lecture estim\u00e9e\" \/>\n\t<meta name=\"twitter:data1\" content=\"3 minutes\" \/>\n<script type=\"application\/ld+json\" class=\"yoast-schema-graph\">{\"@context\":\"https:\/\/schema.org\",\"@graph\":[{\"@type\":\"WebPage\",\"@id\":\"https:\/\/dapsenegal.com\/?page_id=2893\",\"url\":\"https:\/\/dapsenegal.com\/?page_id=2893\",\"name\":\"Location de voiture - dapsenegal\",\"isPartOf\":{\"@id\":\"https:\/\/dapsenegal.com\/#website\"},\"primaryImageOfPage\":{\"@id\":\"https:\/\/dapsenegal.com\/?page_id=2893#primaryimage\"},\"image\":{\"@id\":\"https:\/\/dapsenegal.com\/?page_id=2893#primaryimage\"},\"thumbnailUrl\":\"https:\/\/dapsenegal.com\/wp-content\/uploads\/2017\/03\/voiture-3d-ville-animee-nuit_23-2150796972.avif\",\"datePublished\":\"2025-05-23T15:15:28+00:00\",\"dateModified\":\"2025-05-28T15:50:14+00:00\",\"breadcrumb\":{\"@id\":\"https:\/\/dapsenegal.com\/?page_id=2893#breadcrumb\"},\"inLanguage\":\"fr-FR\",\"potentialAction\":[{\"@type\":\"ReadAction\",\"target\":[\"https:\/\/dapsenegal.com\/?page_id=2893\"]}]},{\"@type\":\"ImageObject\",\"inLanguage\":\"fr-FR\",\"@id\":\"https:\/\/dapsenegal.com\/?page_id=2893#primaryimage\",\"url\":\"https:\/\/dapsenegal.com\/wp-content\/uploads\/2017\/03\/voiture-3d-ville-animee-nuit_23-2150796972.avif\",\"contentUrl\":\"https:\/\/dapsenegal.com\/wp-content\/uploads\/2017\/03\/voiture-3d-ville-animee-nuit_23-2150796972.avif\",\"width\":740,\"height\":740},{\"@type\":\"BreadcrumbList\",\"@id\":\"https:\/\/dapsenegal.com\/?page_id=2893#breadcrumb\",\"itemListElement\":[{\"@type\":\"ListItem\",\"position\":1,\"name\":\"Home\",\"item\":\"https:\/\/dapsenegal.com\/\"},{\"@type\":\"ListItem\",\"position\":2,\"name\":\"Location de voiture\"}]},{\"@type\":\"WebSite\",\"@id\":\"https:\/\/dapsenegal.com\/#website\",\"url\":\"https:\/\/dapsenegal.com\/\",\"name\":\"dapsenegal\",\"description\":\"\",\"potentialAction\":[{\"@type\":\"SearchAction\",\"target\":{\"@type\":\"EntryPoint\",\"urlTemplate\":\"https:\/\/dapsenegal.com\/?s={search_term_string}\"},\"query-input\":{\"@type\":\"PropertyValueSpecification\",\"valueRequired\":true,\"valueName\":\"search_term_string\"}}],\"inLanguage\":\"fr-FR\"}]}<\/script>\n<!-- \/ Yoast SEO plugin. -->","yoast_head_json":{"title":"Location de voiture - dapsenegal","robots":{"index":"index","follow":"follow","max-snippet":"max-snippet:-1","max-image-preview":"max-image-preview:large","max-video-preview":"max-video-preview:-1"},"canonical":"https:\/\/dapsenegal.com\/?page_id=2893","og_locale":"fr_FR","og_type":"article","og_title":"Location de voiture - dapsenegal","og_description":"Conduisez l\u2019esprit libre avec DAPSENEGAL Vous avez besoin d\u2019un v\u00e9hicule pour un jour, une semaine ou plusieurs mois ? DAPSENEGAL vous propose un service de location de voitures flexible et fiable, avec un large choix de mod\u00e8les r\u00e9cents, bien entretenus, et adapt\u00e9s \u00e0 tous vos d\u00e9placements : professionnels, familiaux ou touristiques. Pourquoi louer avec nous [&hellip;]","og_url":"https:\/\/dapsenegal.com\/?page_id=2893","og_site_name":"dapsenegal","article_modified_time":"2025-05-28T15:50:14+00:00","twitter_card":"summary_large_image","twitter_misc":{"Dur\u00e9e de lecture estim\u00e9e":"3 minutes"},"schema":{"@context":"https:\/\/schema.org","@graph":[{"@type":"WebPage","@id":"https:\/\/dapsenegal.com\/?page_id=2893","url":"https:\/\/dapsenegal.com\/?page_id=2893","name":"Location de voiture - dapsenegal","isPartOf":{"@id":"https:\/\/dapsenegal.com\/#website"},"primaryImageOfPage":{"@id":"https:\/\/dapsenegal.com\/?page_id=2893#primaryimage"},"image":{"@id":"https:\/\/dapsenegal.com\/?page_id=2893#primaryimage"},"thumbnailUrl":"https:\/\/dapsenegal.com\/wp-content\/uploads\/2017\/03\/voiture-3d-ville-animee-nuit_23-2150796972.avif","datePublished":"2025-05-23T15:15:28+00:00","dateModified":"2025-05-28T15:50:14+00:00","breadcrumb":{"@id":"https:\/\/dapsenegal.com\/?page_id=2893#breadcrumb"},"inLanguage":"fr-FR","potentialAction":[{"@type":"ReadAction","target":["https:\/\/dapsenegal.com\/?page_id=2893"]}]},{"@type":"ImageObject","inLanguage":"fr-FR","@id":"https:\/\/dapsenegal.com\/?page_id=2893#primaryimage","url":"https:\/\/dapsenegal.com\/wp-content\/uploads\/2017\/03\/voiture-3d-ville-animee-nuit_23-2150796972.avif","contentUrl":"https:\/\/dapsenegal.com\/wp-content\/uploads\/2017\/03\/voiture-3d-ville-animee-nuit_23-2150796972.avif","width":740,"height":740},{"@type":"BreadcrumbList","@id":"https:\/\/dapsenegal.com\/?page_id=2893#breadcrumb","itemListElement":[{"@type":"ListItem","position":1,"name":"Home","item":"https:\/\/dapsenegal.com\/"},{"@type":"ListItem","position":2,"name":"Location de voiture"}]},{"@type":"WebSite","@id":"https:\/\/dapsenegal.com\/#website","url":"https:\/\/dapsenegal.com\/","name":"dapsenegal","description":"","potentialAction":[{"@type":"SearchAction","target":{"@type":"EntryPoint","urlTemplate":"https:\/\/dapsenegal.com\/?s={search_term_string}"},"query-input":{"@type":"PropertyValueSpecification","valueRequired":true,"valueName":"search_term_string"}}],"inLanguage":"fr-FR"}]}},"_links":{"self":[{"href":"https:\/\/dapsenegal.com\/index.php?rest_route=\/wp\/v2\/pages\/2893","targetHints":{"allow":["GET"]}}],"collection":[{"href":"https:\/\/dapsenegal.com\/index.php?rest_route=\/wp\/v2\/pages"}],"about":[{"href":"https:\/\/dapsenegal.com\/index.php?rest_route=\/wp\/v2\/types\/page"}],"author":[{"embeddable":true,"href":"https:\/\/dapsenegal.com\/index.php?rest_route=\/wp\/v2\/users\/1"}],"replies":[{"embeddable":true,"href":"https:\/\/dapsenegal.com\/index.php?rest_route=%2Fwp%2Fv2%2Fcomments&post=2893"}],"version-history":[{"count":7,"href":"https:\/\/dapsenegal.com\/index.php?rest_route=\/wp\/v2\/pages\/2893\/revisions"}],"predecessor-version":[{"id":3083,"href":"https:\/\/dapsenegal.com\/index.php?rest_route=\/wp\/v2\/pages\/2893\/revisions\/3083"}],"wp:featuredmedia":[{"embeddable":true,"href":"https:\/\/dapsenegal.com\/index.php?rest_route=\/wp\/v2\/media\/2914"}],"wp:attachment":[{"href":"https:\/\/dapsenegal.com\/index.php?rest_route=%2Fwp%2Fv2%2Fmedia&parent=2893"}],"curies":[{"name":"wp","href":"https:\/\/api.w.org\/{rel}","templated":true}]}}