{"id":2897,"date":"2025-05-23T17:17:01","date_gmt":"2025-05-23T15:17:01","guid":{"rendered":"https:\/\/dapsenegal.com\/?page_id=2897"},"modified":"2025-05-26T14:01:45","modified_gmt":"2025-05-26T12:01:45","slug":"equipements-accessoires-automobiles","status":"publish","type":"page","link":"https:\/\/dapsenegal.com\/?page_id=2897","title":{"rendered":"\u00c9quipements &amp; accessoires automobiles"},"content":{"rendered":"\t\t<div data-elementor-type=\"wp-page\" data-elementor-id=\"2897\" class=\"elementor elementor-2897\" data-elementor-post-type=\"page\">\n\t\t\t\t<div class=\"elementor-element elementor-element-c8e2827 animated-slow e-flex e-con-boxed elementor-invisible e-con e-parent\" data-id=\"c8e2827\" data-element_type=\"container\" data-settings=\"{&quot;animation&quot;:&quot;fadeInDown&quot;}\">\n\t\t\t\t\t<div class=\"e-con-inner\">\n\t\t\t\t<div class=\"elementor-element elementor-element-468ecc9 elementor-widget elementor-widget-heading\" data-id=\"468ecc9\" data-element_type=\"widget\" data-widget_type=\"heading.default\">\n\t\t\t\t<div class=\"elementor-widget-container\">\n\t\t\t<h2 class=\"elementor-heading-title elementor-size-default\">Notre promesse <\/h2>\t\t<\/div>\n\t\t\t\t<\/div>\n\t\t\t\t\t<\/div>\n\t\t\t\t<\/div>\n\t\t<div class=\"elementor-element elementor-element-98ad922 e-flex e-con-boxed e-con e-parent\" data-id=\"98ad922\" data-element_type=\"container\">\n\t\t\t\t\t<div class=\"e-con-inner\">\n\t\t<div class=\"elementor-element elementor-element-bbf94ba e-con-full e-flex e-con e-child\" data-id=\"bbf94ba\" data-element_type=\"container\">\n\t\t\t\t<div class=\"elementor-element elementor-element-488cc9d elementor-widget elementor-widget-image\" data-id=\"488cc9d\" data-element_type=\"widget\" data-widget_type=\"image.default\">\n\t\t\t\t<div class=\"elementor-widget-container\">\n\t\t\t\t\t\t\t\t\t\t\t\t\t<img fetchpriority=\"high\" decoding=\"async\" width=\"640\" height=\"427\" src=\"https:\/\/dapsenegal.com\/wp-content\/uploads\/2025\/05\/interieur-de-voiture-de-luxe-dans-les-couleurs-marron-et-noir-1024x683.jpg\" class=\"attachment-large size-large wp-image-2977\" alt=\"\" srcset=\"https:\/\/dapsenegal.com\/wp-content\/uploads\/2025\/05\/interieur-de-voiture-de-luxe-dans-les-couleurs-marron-et-noir-1024x683.jpg 1024w, https:\/\/dapsenegal.com\/wp-content\/uploads\/2025\/05\/interieur-de-voiture-de-luxe-dans-les-couleurs-marron-et-noir-300x200.jpg 300w, https:\/\/dapsenegal.com\/wp-content\/uploads\/2025\/05\/interieur-de-voiture-de-luxe-dans-les-couleurs-marron-et-noir-768x512.jpg 768w, https:\/\/dapsenegal.com\/wp-content\/uploads\/2025\/05\/interieur-de-voiture-de-luxe-dans-les-couleurs-marron-et-noir-1536x1024.jpg 1536w, https:\/\/dapsenegal.com\/wp-content\/uploads\/2025\/05\/interieur-de-voiture-de-luxe-dans-les-couleurs-marron-et-noir-2048x1365.jpg 2048w, https:\/\/dapsenegal.com\/wp-content\/uploads\/2025\/05\/interieur-de-voiture-de-luxe-dans-les-couleurs-marron-et-noir-737x491.jpg 737w, https:\/\/dapsenegal.com\/wp-content\/uploads\/2025\/05\/interieur-de-voiture-de-luxe-dans-les-couleurs-marron-et-noir-600x400.jpg 600w\" sizes=\"(max-width: 640px) 100vw, 640px\" \/>\t\t\t\t\t\t\t\t\t\t\t\t\t<\/div>\n\t\t\t\t<\/div>\n\t\t\t\t<\/div>\n\t\t<div class=\"elementor-element elementor-element-13abfb0 e-con-full e-flex e-con e-child\" data-id=\"13abfb0\" data-element_type=\"container\">\n\t\t\t\t<div class=\"elementor-element elementor-element-55d076c elementor-widget elementor-widget-heading\" data-id=\"55d076c\" data-element_type=\"widget\" data-widget_type=\"heading.default\">\n\t\t\t\t<div class=\"elementor-widget-container\">\n\t\t\t<h2 class=\"elementor-heading-title elementor-size-default\">Tout ce qu\u2019il vous faut pour votre confort, votre s\u00e9curit\u00e9 et votre style<\/h2>\t\t<\/div>\n\t\t\t\t<\/div>\n\t\t\t\t<div class=\"elementor-element elementor-element-338b1f2 elementor-widget elementor-widget-text-editor\" data-id=\"338b1f2\" data-element_type=\"widget\" data-widget_type=\"text-editor.default\">\n\t\t\t\t<div class=\"elementor-widget-container\">\n\t\t\t\t\t\t\t<p>Nous vous proposons bien plus que des pi\u00e8ces m\u00e9caniques. Notre s\u00e9lection d\u2019\u00e9quipements et d\u2019accessoires est pens\u00e9e pour r\u00e9pondre \u00e0 tous vos besoins en mati\u00e8re de s\u00e9curit\u00e9, de confort, d\u2019entretien et de personnalisation de votre v\u00e9hicule. Que vous cherchiez des tapis de sol sur mesure, des housses de si\u00e8ges, des kits audio, des GPS, des extincteurs, des cam\u00e9ras de recul ou encore des coffres de toit, vous trouverez chez nous des produits fiables, esth\u00e9tiques et pratiques.<\/p>\t\t\t\t\t\t<\/div>\n\t\t\t\t<\/div>\n\t\t\t\t<\/div>\n\t\t\t\t\t<\/div>\n\t\t\t\t<\/div>\n\t\t<div class=\"elementor-element elementor-element-2cc7a4a e-flex e-con-boxed elementor-invisible e-con e-parent\" data-id=\"2cc7a4a\" data-element_type=\"container\" data-settings=\"{&quot;background_background&quot;:&quot;classic&quot;,&quot;animation&quot;:&quot;fadeInLeft&quot;}\">\n\t\t\t\t\t<div class=\"e-con-inner\">\n\t\t<div class=\"elementor-element elementor-element-2194bf8 e-con-full e-flex e-con e-child\" data-id=\"2194bf8\" data-element_type=\"container\">\n\t\t\t\t<div class=\"elementor-element elementor-element-5d6be6e elementor-icon-list--layout-traditional elementor-list-item-link-full_width elementor-widget elementor-widget-icon-list\" data-id=\"5d6be6e\" data-element_type=\"widget\" data-widget_type=\"icon-list.default\">\n\t\t\t\t<div class=\"elementor-widget-container\">\n\t\t\t\t\t<ul class=\"elementor-icon-list-items\">\n\t\t\t\t\t\t\t<li class=\"elementor-icon-list-item\">\n\t\t\t\t\t\t\t\t\t\t\t<span class=\"elementor-icon-list-icon\">\n\t\t\t\t\t\t\t<svg aria-hidden=\"true\" class=\"e-font-icon-svg e-fas-check\" viewBox=\"0 0 512 512\" xmlns=\"http:\/\/www.w3.org\/2000\/svg\"><path d=\"M173.898 439.404l-166.4-166.4c-9.997-9.997-9.997-26.206 0-36.204l36.203-36.204c9.997-9.998 26.207-9.998 36.204 0L192 312.69 432.095 72.596c9.997-9.997 26.207-9.997 36.204 0l36.203 36.204c9.997 9.997 9.997 26.206 0 36.204l-294.4 294.401c-9.998 9.997-26.207 9.997-36.204-.001z\"><\/path><\/svg>\t\t\t\t\t\t<\/span>\n\t\t\t\t\t\t\t\t\t\t<span class=\"elementor-icon-list-text\">Une large gamme d'\u00e9quipements et d'accessoires toutes marques<\/span>\n\t\t\t\t\t\t\t\t\t<\/li>\n\t\t\t\t\t\t\t\t<li class=\"elementor-icon-list-item\">\n\t\t\t\t\t\t\t\t\t\t\t<span class=\"elementor-icon-list-icon\">\n\t\t\t\t\t\t\t<svg aria-hidden=\"true\" class=\"e-font-icon-svg e-fas-times\" viewBox=\"0 0 352 512\" xmlns=\"http:\/\/www.w3.org\/2000\/svg\"><path d=\"M242.72 256l100.07-100.07c12.28-12.28 12.28-32.19 0-44.48l-22.24-22.24c-12.28-12.28-32.19-12.28-44.48 0L176 189.28 75.93 89.21c-12.28-12.28-32.19-12.28-44.48 0L9.21 111.45c-12.28 12.28-12.28 32.19 0 44.48L109.28 256 9.21 356.07c-12.28 12.28-12.28 32.19 0 44.48l22.24 22.24c12.28 12.28 32.2 12.28 44.48 0L176 322.72l100.07 100.07c12.28 12.28 32.2 12.28 44.48 0l22.24-22.24c12.28-12.28 12.28-32.19 0-44.48L242.72 256z\"><\/path><\/svg>\t\t\t\t\t\t<\/span>\n\t\t\t\t\t\t\t\t\t\t<span class=\"elementor-icon-list-text\">Des prix comp\u00e9titifs et transparents<\/span>\n\t\t\t\t\t\t\t\t\t<\/li>\n\t\t\t\t\t\t\t\t<li class=\"elementor-icon-list-item\">\n\t\t\t\t\t\t\t\t\t\t\t<span class=\"elementor-icon-list-icon\">\n\t\t\t\t\t\t\t<svg aria-hidden=\"true\" class=\"e-font-icon-svg e-fas-dot-circle\" viewBox=\"0 0 512 512\" xmlns=\"http:\/\/www.w3.org\/2000\/svg\"><path d=\"M256 8C119.033 8 8 119.033 8 256s111.033 248 248 248 248-111.033 248-248S392.967 8 256 8zm80 248c0 44.112-35.888 80-80 80s-80-35.888-80-80 35.888-80 80-80 80 35.888 80 80z\"><\/path><\/svg>\t\t\t\t\t\t<\/span>\n\t\t\t\t\t\t\t\t\t\t<span class=\"elementor-icon-list-text\">Des produits contr\u00f4l\u00e9s et garantis<\/span>\n\t\t\t\t\t\t\t\t\t<\/li>\n\t\t\t\t\t\t\t\t<li class=\"elementor-icon-list-item\">\n\t\t\t\t\t\t\t\t\t\t\t<span class=\"elementor-icon-list-icon\">\n\t\t\t\t\t\t\t<svg aria-hidden=\"true\" class=\"e-font-icon-svg e-fas-check\" viewBox=\"0 0 512 512\" xmlns=\"http:\/\/www.w3.org\/2000\/svg\"><path d=\"M173.898 439.404l-166.4-166.4c-9.997-9.997-9.997-26.206 0-36.204l36.203-36.204c9.997-9.998 26.207-9.998 36.204 0L192 312.69 432.095 72.596c9.997-9.997 26.207-9.997 36.204 0l36.203 36.204c9.997 9.997 9.997 26.206 0 36.204l-294.4 294.401c-9.998 9.997-26.207 9.997-36.204-.001z\"><\/path><\/svg>\t\t\t\t\t\t<\/span>\n\t\t\t\t\t\t\t\t\t\t<span class=\"elementor-icon-list-text\">Un accompagnement technique sur mesure<\/span>\n\t\t\t\t\t\t\t\t\t<\/li>\n\t\t\t\t\t\t<\/ul>\n\t\t\t\t<\/div>\n\t\t\t\t<\/div>\n\t\t\t\t<\/div>\n\t\t<div class=\"elementor-element elementor-element-851dadb e-con-full e-flex e-con e-child\" data-id=\"851dadb\" data-element_type=\"container\">\n\t\t\t\t<div class=\"elementor-element elementor-element-bbdce0b elementor-widget elementor-widget-heading\" data-id=\"bbdce0b\" data-element_type=\"widget\" data-widget_type=\"heading.default\">\n\t\t\t\t<div class=\"elementor-widget-container\">\n\t\t\t<h2 class=\"elementor-heading-title elementor-size-default\">Besoin d\u2019\u00e9quipements ? Trouvez-la en quelques clics<\/h2>\t\t<\/div>\n\t\t\t\t<\/div>\n\t\t\t\t<div class=\"elementor-element elementor-element-d0e1cc8 elementor-widget elementor-widget-text-editor\" data-id=\"d0e1cc8\" data-element_type=\"widget\" data-widget_type=\"text-editor.default\">\n\t\t\t\t<div class=\"elementor-widget-container\">\n\t\t\t\t\t\t\t<p data-start=\"194\" data-end=\"396\">Tous nos accessoires sont soigneusement choisis pour leur qualit\u00e9, leur compatibilit\u00e9 avec diff\u00e9rents mod\u00e8les de v\u00e9hicules, et leur durabilit\u00e9.<\/p>\t\t\t\t\t\t<\/div>\n\t\t\t\t<\/div>\n\t\t\t\t<div class=\"elementor-element elementor-element-041485b elementor-widget elementor-widget-button\" data-id=\"041485b\" data-element_type=\"widget\" data-widget_type=\"button.default\">\n\t\t\t\t<div class=\"elementor-widget-container\">\n\t\t\t\t\t<div class=\"elementor-button-wrapper\">\n\t\t\t<a class=\"elementor-button elementor-button-link elementor-size-sm\" href=\"https:\/\/dapsenegal.com\/?page_id=711\">\n\t\t\t\t\t\t<span class=\"elementor-button-content-wrapper\">\n\t\t\t\t\t\t\t\t\t<span class=\"elementor-button-text\">Acheter<\/span>\n\t\t\t\t\t<\/span>\n\t\t\t\t\t<\/a>\n\t\t<\/div>\n\t\t\t\t<\/div>\n\t\t\t\t<\/div>\n\t\t\t\t<\/div>\n\t\t\t\t\t<\/div>\n\t\t\t\t<\/div>\n\t\t\t\t<\/div>\n\t\t","protected":false},"excerpt":{"rendered":"<p>Notre promesse Tout ce qu\u2019il vous faut pour votre confort, votre s\u00e9curit\u00e9 et votre style Nous vous proposons bien plus que des pi\u00e8ces m\u00e9caniques. Notre s\u00e9lection d\u2019\u00e9quipements et d\u2019accessoires est pens\u00e9e pour r\u00e9pondre \u00e0 tous vos besoins en mati\u00e8re de s\u00e9curit\u00e9, de confort, d\u2019entretien et de personnalisation de votre v\u00e9hicule. Que vous cherchiez des tapis [&hellip;]<\/p>\n","protected":false},"author":1,"featured_media":2949,"parent":0,"menu_order":0,"comment_status":"closed","ping_status":"closed","template":"","meta":{"footnotes":""},"class_list":["post-2897","page","type-page","status-publish","has-post-thumbnail","hentry"],"yoast_head":"<!-- This site is optimized with the Yoast SEO plugin v23.6 - https:\/\/yoast.com\/wordpress\/plugins\/seo\/ -->\n<title>\u00c9quipements &amp; accessoires automobiles - dapsenegal<\/title>\n<meta name=\"robots\" content=\"index, follow, max-snippet:-1, max-image-preview:large, max-video-preview:-1\" \/>\n<link rel=\"canonical\" href=\"https:\/\/dapsenegal.com\/?page_id=2897\" \/>\n<meta property=\"og:locale\" content=\"fr_FR\" \/>\n<meta property=\"og:type\" content=\"article\" \/>\n<meta property=\"og:title\" content=\"\u00c9quipements &amp; accessoires automobiles - dapsenegal\" \/>\n<meta property=\"og:description\" content=\"Notre promesse Tout ce qu\u2019il vous faut pour votre confort, votre s\u00e9curit\u00e9 et votre style Nous vous proposons bien plus que des pi\u00e8ces m\u00e9caniques. Notre s\u00e9lection d\u2019\u00e9quipements et d\u2019accessoires est pens\u00e9e pour r\u00e9pondre \u00e0 tous vos besoins en mati\u00e8re de s\u00e9curit\u00e9, de confort, d\u2019entretien et de personnalisation de votre v\u00e9hicule. Que vous cherchiez des tapis [&hellip;]\" \/>\n<meta property=\"og:url\" content=\"https:\/\/dapsenegal.com\/?page_id=2897\" \/>\n<meta property=\"og:site_name\" content=\"dapsenegal\" \/>\n<meta property=\"article:modified_time\" content=\"2025-05-26T12:01:45+00:00\" \/>\n<meta name=\"twitter:card\" content=\"summary_large_image\" \/>\n<meta name=\"twitter:label1\" content=\"Dur\u00e9e de lecture estim\u00e9e\" \/>\n\t<meta name=\"twitter:data1\" content=\"1 minute\" \/>\n<script type=\"application\/ld+json\" class=\"yoast-schema-graph\">{\"@context\":\"https:\/\/schema.org\",\"@graph\":[{\"@type\":\"WebPage\",\"@id\":\"https:\/\/dapsenegal.com\/?page_id=2897\",\"url\":\"https:\/\/dapsenegal.com\/?page_id=2897\",\"name\":\"\u00c9quipements &amp; accessoires automobiles - dapsenegal\",\"isPartOf\":{\"@id\":\"https:\/\/dapsenegal.com\/#website\"},\"primaryImageOfPage\":{\"@id\":\"https:\/\/dapsenegal.com\/?page_id=2897#primaryimage\"},\"image\":{\"@id\":\"https:\/\/dapsenegal.com\/?page_id=2897#primaryimage\"},\"thumbnailUrl\":\"https:\/\/dapsenegal.com\/wp-content\/uploads\/2017\/03\/vue-voiture-3d_23-2150796980.avif\",\"datePublished\":\"2025-05-23T15:17:01+00:00\",\"dateModified\":\"2025-05-26T12:01:45+00:00\",\"breadcrumb\":{\"@id\":\"https:\/\/dapsenegal.com\/?page_id=2897#breadcrumb\"},\"inLanguage\":\"fr-FR\",\"potentialAction\":[{\"@type\":\"ReadAction\",\"target\":[\"https:\/\/dapsenegal.com\/?page_id=2897\"]}]},{\"@type\":\"ImageObject\",\"inLanguage\":\"fr-FR\",\"@id\":\"https:\/\/dapsenegal.com\/?page_id=2897#primaryimage\",\"url\":\"https:\/\/dapsenegal.com\/wp-content\/uploads\/2017\/03\/vue-voiture-3d_23-2150796980.avif\",\"contentUrl\":\"https:\/\/dapsenegal.com\/wp-content\/uploads\/2017\/03\/vue-voiture-3d_23-2150796980.avif\",\"width\":740,\"height\":740},{\"@type\":\"BreadcrumbList\",\"@id\":\"https:\/\/dapsenegal.com\/?page_id=2897#breadcrumb\",\"itemListElement\":[{\"@type\":\"ListItem\",\"position\":1,\"name\":\"Home\",\"item\":\"https:\/\/dapsenegal.com\/\"},{\"@type\":\"ListItem\",\"position\":2,\"name\":\"\u00c9quipements &amp; accessoires automobiles\"}]},{\"@type\":\"WebSite\",\"@id\":\"https:\/\/dapsenegal.com\/#website\",\"url\":\"https:\/\/dapsenegal.com\/\",\"name\":\"dapsenegal\",\"description\":\"\",\"potentialAction\":[{\"@type\":\"SearchAction\",\"target\":{\"@type\":\"EntryPoint\",\"urlTemplate\":\"https:\/\/dapsenegal.com\/?s={search_term_string}\"},\"query-input\":{\"@type\":\"PropertyValueSpecification\",\"valueRequired\":true,\"valueName\":\"search_term_string\"}}],\"inLanguage\":\"fr-FR\"}]}<\/script>\n<!-- \/ Yoast SEO plugin. -->","yoast_head_json":{"title":"\u00c9quipements &amp; accessoires automobiles - dapsenegal","robots":{"index":"index","follow":"follow","max-snippet":"max-snippet:-1","max-image-preview":"max-image-preview:large","max-video-preview":"max-video-preview:-1"},"canonical":"https:\/\/dapsenegal.com\/?page_id=2897","og_locale":"fr_FR","og_type":"article","og_title":"\u00c9quipements &amp; accessoires automobiles - dapsenegal","og_description":"Notre promesse Tout ce qu\u2019il vous faut pour votre confort, votre s\u00e9curit\u00e9 et votre style Nous vous proposons bien plus que des pi\u00e8ces m\u00e9caniques. Notre s\u00e9lection d\u2019\u00e9quipements et d\u2019accessoires est pens\u00e9e pour r\u00e9pondre \u00e0 tous vos besoins en mati\u00e8re de s\u00e9curit\u00e9, de confort, d\u2019entretien et de personnalisation de votre v\u00e9hicule. Que vous cherchiez des tapis [&hellip;]","og_url":"https:\/\/dapsenegal.com\/?page_id=2897","og_site_name":"dapsenegal","article_modified_time":"2025-05-26T12:01:45+00:00","twitter_card":"summary_large_image","twitter_misc":{"Dur\u00e9e de lecture estim\u00e9e":"1 minute"},"schema":{"@context":"https:\/\/schema.org","@graph":[{"@type":"WebPage","@id":"https:\/\/dapsenegal.com\/?page_id=2897","url":"https:\/\/dapsenegal.com\/?page_id=2897","name":"\u00c9quipements &amp; accessoires automobiles - dapsenegal","isPartOf":{"@id":"https:\/\/dapsenegal.com\/#website"},"primaryImageOfPage":{"@id":"https:\/\/dapsenegal.com\/?page_id=2897#primaryimage"},"image":{"@id":"https:\/\/dapsenegal.com\/?page_id=2897#primaryimage"},"thumbnailUrl":"https:\/\/dapsenegal.com\/wp-content\/uploads\/2017\/03\/vue-voiture-3d_23-2150796980.avif","datePublished":"2025-05-23T15:17:01+00:00","dateModified":"2025-05-26T12:01:45+00:00","breadcrumb":{"@id":"https:\/\/dapsenegal.com\/?page_id=2897#breadcrumb"},"inLanguage":"fr-FR","potentialAction":[{"@type":"ReadAction","target":["https:\/\/dapsenegal.com\/?page_id=2897"]}]},{"@type":"ImageObject","inLanguage":"fr-FR","@id":"https:\/\/dapsenegal.com\/?page_id=2897#primaryimage","url":"https:\/\/dapsenegal.com\/wp-content\/uploads\/2017\/03\/vue-voiture-3d_23-2150796980.avif","contentUrl":"https:\/\/dapsenegal.com\/wp-content\/uploads\/2017\/03\/vue-voiture-3d_23-2150796980.avif","width":740,"height":740},{"@type":"BreadcrumbList","@id":"https:\/\/dapsenegal.com\/?page_id=2897#breadcrumb","itemListElement":[{"@type":"ListItem","position":1,"name":"Home","item":"https:\/\/dapsenegal.com\/"},{"@type":"ListItem","position":2,"name":"\u00c9quipements &amp; accessoires automobiles"}]},{"@type":"WebSite","@id":"https:\/\/dapsenegal.com\/#website","url":"https:\/\/dapsenegal.com\/","name":"dapsenegal","description":"","potentialAction":[{"@type":"SearchAction","target":{"@type":"EntryPoint","urlTemplate":"https:\/\/dapsenegal.com\/?s={search_term_string}"},"query-input":{"@type":"PropertyValueSpecification","valueRequired":true,"valueName":"search_term_string"}}],"inLanguage":"fr-FR"}]}},"_links":{"self":[{"href":"https:\/\/dapsenegal.com\/index.php?rest_route=\/wp\/v2\/pages\/2897","targetHints":{"allow":["GET"]}}],"collection":[{"href":"https:\/\/dapsenegal.com\/index.php?rest_route=\/wp\/v2\/pages"}],"about":[{"href":"https:\/\/dapsenegal.com\/index.php?rest_route=\/wp\/v2\/types\/page"}],"author":[{"embeddable":true,"href":"https:\/\/dapsenegal.com\/index.php?rest_route=\/wp\/v2\/users\/1"}],"replies":[{"embeddable":true,"href":"https:\/\/dapsenegal.com\/index.php?rest_route=%2Fwp%2Fv2%2Fcomments&post=2897"}],"version-history":[{"count":7,"href":"https:\/\/dapsenegal.com\/index.php?rest_route=\/wp\/v2\/pages\/2897\/revisions"}],"predecessor-version":[{"id":2984,"href":"https:\/\/dapsenegal.com\/index.php?rest_route=\/wp\/v2\/pages\/2897\/revisions\/2984"}],"wp:featuredmedia":[{"embeddable":true,"href":"https:\/\/dapsenegal.com\/index.php?rest_route=\/wp\/v2\/media\/2949"}],"wp:attachment":[{"href":"https:\/\/dapsenegal.com\/index.php?rest_route=%2Fwp%2Fv2%2Fmedia&parent=2897"}],"curies":[{"name":"wp","href":"https:\/\/api.w.org\/{rel}","templated":true}]}}