{"id":2901,"date":"2025-05-23T17:17:53","date_gmt":"2025-05-23T15:17:53","guid":{"rendered":"https:\/\/dapsenegal.com\/?page_id=2901"},"modified":"2025-05-26T15:05:15","modified_gmt":"2025-05-26T13:05:15","slug":"conseil-accompagnement-automobile","status":"publish","type":"page","link":"https:\/\/dapsenegal.com\/?page_id=2901","title":{"rendered":"Conseil &amp; accompagnement automobile"},"content":{"rendered":"\t\t<div data-elementor-type=\"wp-page\" data-elementor-id=\"2901\" class=\"elementor elementor-2901\" data-elementor-post-type=\"page\">\n\t\t\t\t<div class=\"elementor-element elementor-element-1850a18 e-flex e-con-boxed e-con e-parent\" data-id=\"1850a18\" data-element_type=\"container\">\n\t\t\t\t\t<div class=\"e-con-inner\">\n\t\t<div class=\"elementor-element elementor-element-f6a96e4 e-con-full e-flex e-con e-child\" data-id=\"f6a96e4\" data-element_type=\"container\">\n\t\t\t\t<div class=\"elementor-element elementor-element-ba02dbc elementor-widget elementor-widget-image\" data-id=\"ba02dbc\" data-element_type=\"widget\" data-widget_type=\"image.default\">\n\t\t\t\t<div class=\"elementor-widget-container\">\n\t\t\t\t\t\t\t\t\t\t\t\t\t<img fetchpriority=\"high\" decoding=\"async\" width=\"640\" height=\"427\" src=\"https:\/\/dapsenegal.com\/wp-content\/uploads\/2025\/05\/jeune-ouvrier-dans-un-atelier-automobile-1024x683.jpg\" class=\"attachment-large size-large wp-image-2999\" alt=\"\" srcset=\"https:\/\/dapsenegal.com\/wp-content\/uploads\/2025\/05\/jeune-ouvrier-dans-un-atelier-automobile-1024x683.jpg 1024w, https:\/\/dapsenegal.com\/wp-content\/uploads\/2025\/05\/jeune-ouvrier-dans-un-atelier-automobile-300x200.jpg 300w, https:\/\/dapsenegal.com\/wp-content\/uploads\/2025\/05\/jeune-ouvrier-dans-un-atelier-automobile-768x512.jpg 768w, https:\/\/dapsenegal.com\/wp-content\/uploads\/2025\/05\/jeune-ouvrier-dans-un-atelier-automobile-1536x1024.jpg 1536w, https:\/\/dapsenegal.com\/wp-content\/uploads\/2025\/05\/jeune-ouvrier-dans-un-atelier-automobile-2048x1365.jpg 2048w, https:\/\/dapsenegal.com\/wp-content\/uploads\/2025\/05\/jeune-ouvrier-dans-un-atelier-automobile-736x491.jpg 736w, https:\/\/dapsenegal.com\/wp-content\/uploads\/2025\/05\/jeune-ouvrier-dans-un-atelier-automobile-600x400.jpg 600w\" sizes=\"(max-width: 640px) 100vw, 640px\" \/>\t\t\t\t\t\t\t\t\t\t\t\t\t<\/div>\n\t\t\t\t<\/div>\n\t\t\t\t<\/div>\n\t\t<div class=\"elementor-element elementor-element-08198d3 e-con-full e-flex e-con e-child\" data-id=\"08198d3\" data-element_type=\"container\">\n\t\t\t\t<div class=\"elementor-element elementor-element-295294c elementor-widget elementor-widget-heading\" data-id=\"295294c\" data-element_type=\"widget\" data-widget_type=\"heading.default\">\n\t\t\t\t<div class=\"elementor-widget-container\">\n\t\t\t<h2 class=\"elementor-heading-title elementor-size-default\">Bien plus qu\u2019un service, un v\u00e9ritable accompagnement sur la route<\/h2>\t\t<\/div>\n\t\t\t\t<\/div>\n\t\t\t\t<div class=\"elementor-element elementor-element-6a52b70 elementor-widget elementor-widget-text-editor\" data-id=\"6a52b70\" data-element_type=\"widget\" data-widget_type=\"text-editor.default\">\n\t\t\t\t<div class=\"elementor-widget-container\">\n\t\t\t\t\t\t\t<p>Nous croyons qu\u2019un bon m\u00e9canicien ne se contente pas de r\u00e9parer. Il <strong data-start=\"585\" data-end=\"599\">accompagne<\/strong>, <strong data-start=\"601\" data-end=\"613\">explique<\/strong> et <strong data-start=\"617\" data-end=\"628\">pr\u00e9pare<\/strong>. C\u2019est pourquoi nous pla\u00e7ons le <strong data-start=\"661\" data-end=\"685\">conseil personnalis\u00e9<\/strong> et le <strong data-start=\"692\" data-end=\"708\">suivi client<\/strong> au c\u0153ur de notre d\u00e9marche. Que vous soyez conducteur exp\u00e9riment\u00e9, jeune automobiliste ou gestionnaire de flotte, nous vous aidons \u00e0 prendre les meilleures d\u00e9cisions pour votre v\u00e9hicule, au bon moment.<\/p>\t\t\t\t\t\t<\/div>\n\t\t\t\t<\/div>\n\t\t\t\t<\/div>\n\t\t\t\t\t<\/div>\n\t\t\t\t<\/div>\n\t\t<div class=\"elementor-element elementor-element-2dbc8c4 e-flex e-con-boxed e-con e-parent\" data-id=\"2dbc8c4\" data-element_type=\"container\">\n\t\t\t\t\t<div class=\"e-con-inner\">\n\t\t\t\t<div class=\"elementor-element elementor-element-04a9096 animated-slow elementor-invisible elementor-widget elementor-widget-heading\" data-id=\"04a9096\" data-element_type=\"widget\" data-settings=\"{&quot;_animation&quot;:&quot;fadeInDown&quot;}\" data-widget_type=\"heading.default\">\n\t\t\t\t<div class=\"elementor-widget-container\">\n\t\t\t<h2 class=\"elementor-heading-title elementor-size-default\">Nos services de conseil et d'accompagnement<\/h2>\t\t<\/div>\n\t\t\t\t<\/div>\n\t\t\t\t\t<\/div>\n\t\t\t\t<\/div>\n\t\t<div class=\"elementor-element elementor-element-bf20705 e-flex e-con-boxed elementor-invisible e-con e-parent\" data-id=\"bf20705\" data-element_type=\"container\" data-settings=\"{&quot;background_background&quot;:&quot;classic&quot;,&quot;animation&quot;:&quot;fadeInLeft&quot;}\">\n\t\t\t\t\t<div class=\"e-con-inner\">\n\t\t<div class=\"elementor-element elementor-element-a39ce0f e-con-full e-flex e-con e-child\" data-id=\"a39ce0f\" data-element_type=\"container\">\n\t\t\t\t<div class=\"elementor-element elementor-element-32c2a1c elementor-icon-list--layout-traditional elementor-list-item-link-full_width elementor-widget elementor-widget-icon-list\" data-id=\"32c2a1c\" data-element_type=\"widget\" data-widget_type=\"icon-list.default\">\n\t\t\t\t<div class=\"elementor-widget-container\">\n\t\t\t\t\t<ul class=\"elementor-icon-list-items\">\n\t\t\t\t\t\t\t<li class=\"elementor-icon-list-item\">\n\t\t\t\t\t\t\t\t\t\t\t<span class=\"elementor-icon-list-icon\">\n\t\t\t\t\t\t\t<svg aria-hidden=\"true\" class=\"e-font-icon-svg e-fas-check\" viewBox=\"0 0 512 512\" xmlns=\"http:\/\/www.w3.org\/2000\/svg\"><path d=\"M173.898 439.404l-166.4-166.4c-9.997-9.997-9.997-26.206 0-36.204l36.203-36.204c9.997-9.998 26.207-9.998 36.204 0L192 312.69 432.095 72.596c9.997-9.997 26.207-9.997 36.204 0l36.203 36.204c9.997 9.997 9.997 26.206 0 36.204l-294.4 294.401c-9.998 9.997-26.207 9.997-36.204-.001z\"><\/path><\/svg>\t\t\t\t\t\t<\/span>\n\t\t\t\t\t\t\t\t\t\t<span class=\"elementor-icon-list-text\">\u00c9coute & diagnostic transparent<\/span>\n\t\t\t\t\t\t\t\t\t<\/li>\n\t\t\t\t\t\t\t\t<li class=\"elementor-icon-list-item\">\n\t\t\t\t\t\t\t\t\t\t\t<span class=\"elementor-icon-list-icon\">\n\t\t\t\t\t\t\t<svg aria-hidden=\"true\" class=\"e-font-icon-svg e-fas-times\" viewBox=\"0 0 352 512\" xmlns=\"http:\/\/www.w3.org\/2000\/svg\"><path d=\"M242.72 256l100.07-100.07c12.28-12.28 12.28-32.19 0-44.48l-22.24-22.24c-12.28-12.28-32.19-12.28-44.48 0L176 189.28 75.93 89.21c-12.28-12.28-32.19-12.28-44.48 0L9.21 111.45c-12.28 12.28-12.28 32.19 0 44.48L109.28 256 9.21 356.07c-12.28 12.28-12.28 32.19 0 44.48l22.24 22.24c12.28 12.28 32.2 12.28 44.48 0L176 322.72l100.07 100.07c12.28 12.28 32.2 12.28 44.48 0l22.24-22.24c12.28-12.28 12.28-32.19 0-44.48L242.72 256z\"><\/path><\/svg>\t\t\t\t\t\t<\/span>\n\t\t\t\t\t\t\t\t\t\t<span class=\"elementor-icon-list-text\"> Suivi d\u2019entretien personnalis\u00e9<\/span>\n\t\t\t\t\t\t\t\t\t<\/li>\n\t\t\t\t\t\t\t\t<li class=\"elementor-icon-list-item\">\n\t\t\t\t\t\t\t\t\t\t\t<span class=\"elementor-icon-list-icon\">\n\t\t\t\t\t\t\t<svg aria-hidden=\"true\" class=\"e-font-icon-svg e-fas-dot-circle\" viewBox=\"0 0 512 512\" xmlns=\"http:\/\/www.w3.org\/2000\/svg\"><path d=\"M256 8C119.033 8 8 119.033 8 256s111.033 248 248 248 248-111.033 248-248S392.967 8 256 8zm80 248c0 44.112-35.888 80-80 80s-80-35.888-80-80 35.888-80 80-80 80 35.888 80 80z\"><\/path><\/svg>\t\t\t\t\t\t<\/span>\n\t\t\t\t\t\t\t\t\t\t<span class=\"elementor-icon-list-text\">Conseils d\u2019utilisation au quotidien<\/span>\n\t\t\t\t\t\t\t\t\t<\/li>\n\t\t\t\t\t\t\t\t<li class=\"elementor-icon-list-item\">\n\t\t\t\t\t\t\t\t\t\t\t<span class=\"elementor-icon-list-icon\">\n\t\t\t\t\t\t\t<svg aria-hidden=\"true\" class=\"e-font-icon-svg e-fas-check\" viewBox=\"0 0 512 512\" xmlns=\"http:\/\/www.w3.org\/2000\/svg\"><path d=\"M173.898 439.404l-166.4-166.4c-9.997-9.997-9.997-26.206 0-36.204l36.203-36.204c9.997-9.998 26.207-9.998 36.204 0L192 312.69 432.095 72.596c9.997-9.997 26.207-9.997 36.204 0l36.203 36.204c9.997 9.997 9.997 26.206 0 36.204l-294.4 294.401c-9.998 9.997-26.207 9.997-36.204-.001z\"><\/path><\/svg>\t\t\t\t\t\t<\/span>\n\t\t\t\t\t\t\t\t\t\t<span class=\"elementor-icon-list-text\"> Choix de pi\u00e8ces & accessoires<\/span>\n\t\t\t\t\t\t\t\t\t<\/li>\n\t\t\t\t\t\t\t\t<li class=\"elementor-icon-list-item\">\n\t\t\t\t\t\t\t\t\t\t\t<span class=\"elementor-icon-list-icon\">\n\t\t\t\t\t\t\t<svg aria-hidden=\"true\" class=\"e-font-icon-svg e-fas-check\" viewBox=\"0 0 512 512\" xmlns=\"http:\/\/www.w3.org\/2000\/svg\"><path d=\"M173.898 439.404l-166.4-166.4c-9.997-9.997-9.997-26.206 0-36.204l36.203-36.204c9.997-9.998 26.207-9.998 36.204 0L192 312.69 432.095 72.596c9.997-9.997 26.207-9.997 36.204 0l36.203 36.204c9.997 9.997 9.997 26.206 0 36.204l-294.4 294.401c-9.998 9.997-26.207 9.997-36.204-.001z\"><\/path><\/svg>\t\t\t\t\t\t<\/span>\n\t\t\t\t\t\t\t\t\t\t<span class=\"elementor-icon-list-text\">Accompagnement \u00e0 l\u2019achat ou \u00e0 la vente<\/span>\n\t\t\t\t\t\t\t\t\t<\/li>\n\t\t\t\t\t\t<\/ul>\n\t\t\t\t<\/div>\n\t\t\t\t<\/div>\n\t\t\t\t<\/div>\n\t\t<div class=\"elementor-element elementor-element-11e0463 e-con-full e-flex e-con e-child\" data-id=\"11e0463\" data-element_type=\"container\">\n\t\t\t\t<div class=\"elementor-element elementor-element-1d485ce elementor-widget elementor-widget-heading\" data-id=\"1d485ce\" data-element_type=\"widget\" data-widget_type=\"heading.default\">\n\t\t\t\t<div class=\"elementor-widget-container\">\n\t\t\t<h2 class=\"elementor-heading-title elementor-size-default\">Votre voiture m\u00e9rite plus qu\u2019une r\u00e9paration : un vrai accompagnement<\/h2>\t\t<\/div>\n\t\t\t\t<\/div>\n\t\t\t\t<\/div>\n\t\t\t\t\t<\/div>\n\t\t\t\t<\/div>\n\t\t\t\t<\/div>\n\t\t","protected":false},"excerpt":{"rendered":"<p>Bien plus qu\u2019un service, un v\u00e9ritable accompagnement sur la route Nous croyons qu\u2019un bon m\u00e9canicien ne se contente pas de r\u00e9parer. Il accompagne, explique et pr\u00e9pare. C\u2019est pourquoi nous pla\u00e7ons le conseil personnalis\u00e9 et le suivi client au c\u0153ur de notre d\u00e9marche. Que vous soyez conducteur exp\u00e9riment\u00e9, jeune automobiliste ou gestionnaire de flotte, nous vous [&hellip;]<\/p>\n","protected":false},"author":1,"featured_media":2949,"parent":0,"menu_order":0,"comment_status":"closed","ping_status":"closed","template":"","meta":{"footnotes":""},"class_list":["post-2901","page","type-page","status-publish","has-post-thumbnail","hentry"],"yoast_head":"<!-- This site is optimized with the Yoast SEO plugin v23.6 - https:\/\/yoast.com\/wordpress\/plugins\/seo\/ -->\n<title>Conseil &amp; accompagnement automobile - dapsenegal<\/title>\n<meta name=\"robots\" content=\"index, follow, max-snippet:-1, max-image-preview:large, max-video-preview:-1\" \/>\n<link rel=\"canonical\" href=\"https:\/\/dapsenegal.com\/?page_id=2901\" \/>\n<meta property=\"og:locale\" content=\"fr_FR\" \/>\n<meta property=\"og:type\" content=\"article\" \/>\n<meta property=\"og:title\" content=\"Conseil &amp; accompagnement automobile - dapsenegal\" \/>\n<meta property=\"og:description\" content=\"Bien plus qu\u2019un service, un v\u00e9ritable accompagnement sur la route Nous croyons qu\u2019un bon m\u00e9canicien ne se contente pas de r\u00e9parer. Il accompagne, explique et pr\u00e9pare. C\u2019est pourquoi nous pla\u00e7ons le conseil personnalis\u00e9 et le suivi client au c\u0153ur de notre d\u00e9marche. Que vous soyez conducteur exp\u00e9riment\u00e9, jeune automobiliste ou gestionnaire de flotte, nous vous [&hellip;]\" \/>\n<meta property=\"og:url\" content=\"https:\/\/dapsenegal.com\/?page_id=2901\" \/>\n<meta property=\"og:site_name\" content=\"dapsenegal\" \/>\n<meta property=\"article:modified_time\" content=\"2025-05-26T13:05:15+00:00\" \/>\n<meta name=\"twitter:card\" content=\"summary_large_image\" \/>\n<meta name=\"twitter:label1\" content=\"Dur\u00e9e de lecture estim\u00e9e\" \/>\n\t<meta name=\"twitter:data1\" content=\"1 minute\" \/>\n<script type=\"application\/ld+json\" class=\"yoast-schema-graph\">{\"@context\":\"https:\/\/schema.org\",\"@graph\":[{\"@type\":\"WebPage\",\"@id\":\"https:\/\/dapsenegal.com\/?page_id=2901\",\"url\":\"https:\/\/dapsenegal.com\/?page_id=2901\",\"name\":\"Conseil &amp; accompagnement automobile - dapsenegal\",\"isPartOf\":{\"@id\":\"https:\/\/dapsenegal.com\/#website\"},\"primaryImageOfPage\":{\"@id\":\"https:\/\/dapsenegal.com\/?page_id=2901#primaryimage\"},\"image\":{\"@id\":\"https:\/\/dapsenegal.com\/?page_id=2901#primaryimage\"},\"thumbnailUrl\":\"https:\/\/dapsenegal.com\/wp-content\/uploads\/2017\/03\/vue-voiture-3d_23-2150796980.avif\",\"datePublished\":\"2025-05-23T15:17:53+00:00\",\"dateModified\":\"2025-05-26T13:05:15+00:00\",\"breadcrumb\":{\"@id\":\"https:\/\/dapsenegal.com\/?page_id=2901#breadcrumb\"},\"inLanguage\":\"fr-FR\",\"potentialAction\":[{\"@type\":\"ReadAction\",\"target\":[\"https:\/\/dapsenegal.com\/?page_id=2901\"]}]},{\"@type\":\"ImageObject\",\"inLanguage\":\"fr-FR\",\"@id\":\"https:\/\/dapsenegal.com\/?page_id=2901#primaryimage\",\"url\":\"https:\/\/dapsenegal.com\/wp-content\/uploads\/2017\/03\/vue-voiture-3d_23-2150796980.avif\",\"contentUrl\":\"https:\/\/dapsenegal.com\/wp-content\/uploads\/2017\/03\/vue-voiture-3d_23-2150796980.avif\",\"width\":740,\"height\":740},{\"@type\":\"BreadcrumbList\",\"@id\":\"https:\/\/dapsenegal.com\/?page_id=2901#breadcrumb\",\"itemListElement\":[{\"@type\":\"ListItem\",\"position\":1,\"name\":\"Home\",\"item\":\"https:\/\/dapsenegal.com\/\"},{\"@type\":\"ListItem\",\"position\":2,\"name\":\"Conseil &amp; accompagnement automobile\"}]},{\"@type\":\"WebSite\",\"@id\":\"https:\/\/dapsenegal.com\/#website\",\"url\":\"https:\/\/dapsenegal.com\/\",\"name\":\"dapsenegal\",\"description\":\"\",\"potentialAction\":[{\"@type\":\"SearchAction\",\"target\":{\"@type\":\"EntryPoint\",\"urlTemplate\":\"https:\/\/dapsenegal.com\/?s={search_term_string}\"},\"query-input\":{\"@type\":\"PropertyValueSpecification\",\"valueRequired\":true,\"valueName\":\"search_term_string\"}}],\"inLanguage\":\"fr-FR\"}]}<\/script>\n<!-- \/ Yoast SEO plugin. -->","yoast_head_json":{"title":"Conseil &amp; accompagnement automobile - dapsenegal","robots":{"index":"index","follow":"follow","max-snippet":"max-snippet:-1","max-image-preview":"max-image-preview:large","max-video-preview":"max-video-preview:-1"},"canonical":"https:\/\/dapsenegal.com\/?page_id=2901","og_locale":"fr_FR","og_type":"article","og_title":"Conseil &amp; accompagnement automobile - dapsenegal","og_description":"Bien plus qu\u2019un service, un v\u00e9ritable accompagnement sur la route Nous croyons qu\u2019un bon m\u00e9canicien ne se contente pas de r\u00e9parer. Il accompagne, explique et pr\u00e9pare. C\u2019est pourquoi nous pla\u00e7ons le conseil personnalis\u00e9 et le suivi client au c\u0153ur de notre d\u00e9marche. Que vous soyez conducteur exp\u00e9riment\u00e9, jeune automobiliste ou gestionnaire de flotte, nous vous [&hellip;]","og_url":"https:\/\/dapsenegal.com\/?page_id=2901","og_site_name":"dapsenegal","article_modified_time":"2025-05-26T13:05:15+00:00","twitter_card":"summary_large_image","twitter_misc":{"Dur\u00e9e de lecture estim\u00e9e":"1 minute"},"schema":{"@context":"https:\/\/schema.org","@graph":[{"@type":"WebPage","@id":"https:\/\/dapsenegal.com\/?page_id=2901","url":"https:\/\/dapsenegal.com\/?page_id=2901","name":"Conseil &amp; accompagnement automobile - dapsenegal","isPartOf":{"@id":"https:\/\/dapsenegal.com\/#website"},"primaryImageOfPage":{"@id":"https:\/\/dapsenegal.com\/?page_id=2901#primaryimage"},"image":{"@id":"https:\/\/dapsenegal.com\/?page_id=2901#primaryimage"},"thumbnailUrl":"https:\/\/dapsenegal.com\/wp-content\/uploads\/2017\/03\/vue-voiture-3d_23-2150796980.avif","datePublished":"2025-05-23T15:17:53+00:00","dateModified":"2025-05-26T13:05:15+00:00","breadcrumb":{"@id":"https:\/\/dapsenegal.com\/?page_id=2901#breadcrumb"},"inLanguage":"fr-FR","potentialAction":[{"@type":"ReadAction","target":["https:\/\/dapsenegal.com\/?page_id=2901"]}]},{"@type":"ImageObject","inLanguage":"fr-FR","@id":"https:\/\/dapsenegal.com\/?page_id=2901#primaryimage","url":"https:\/\/dapsenegal.com\/wp-content\/uploads\/2017\/03\/vue-voiture-3d_23-2150796980.avif","contentUrl":"https:\/\/dapsenegal.com\/wp-content\/uploads\/2017\/03\/vue-voiture-3d_23-2150796980.avif","width":740,"height":740},{"@type":"BreadcrumbList","@id":"https:\/\/dapsenegal.com\/?page_id=2901#breadcrumb","itemListElement":[{"@type":"ListItem","position":1,"name":"Home","item":"https:\/\/dapsenegal.com\/"},{"@type":"ListItem","position":2,"name":"Conseil &amp; accompagnement automobile"}]},{"@type":"WebSite","@id":"https:\/\/dapsenegal.com\/#website","url":"https:\/\/dapsenegal.com\/","name":"dapsenegal","description":"","potentialAction":[{"@type":"SearchAction","target":{"@type":"EntryPoint","urlTemplate":"https:\/\/dapsenegal.com\/?s={search_term_string}"},"query-input":{"@type":"PropertyValueSpecification","valueRequired":true,"valueName":"search_term_string"}}],"inLanguage":"fr-FR"}]}},"_links":{"self":[{"href":"https:\/\/dapsenegal.com\/index.php?rest_route=\/wp\/v2\/pages\/2901","targetHints":{"allow":["GET"]}}],"collection":[{"href":"https:\/\/dapsenegal.com\/index.php?rest_route=\/wp\/v2\/pages"}],"about":[{"href":"https:\/\/dapsenegal.com\/index.php?rest_route=\/wp\/v2\/types\/page"}],"author":[{"embeddable":true,"href":"https:\/\/dapsenegal.com\/index.php?rest_route=\/wp\/v2\/users\/1"}],"replies":[{"embeddable":true,"href":"https:\/\/dapsenegal.com\/index.php?rest_route=%2Fwp%2Fv2%2Fcomments&post=2901"}],"version-history":[{"count":4,"href":"https:\/\/dapsenegal.com\/index.php?rest_route=\/wp\/v2\/pages\/2901\/revisions"}],"predecessor-version":[{"id":3002,"href":"https:\/\/dapsenegal.com\/index.php?rest_route=\/wp\/v2\/pages\/2901\/revisions\/3002"}],"wp:featuredmedia":[{"embeddable":true,"href":"https:\/\/dapsenegal.com\/index.php?rest_route=\/wp\/v2\/media\/2949"}],"wp:attachment":[{"href":"https:\/\/dapsenegal.com\/index.php?rest_route=%2Fwp%2Fv2%2Fmedia&parent=2901"}],"curies":[{"name":"wp","href":"https:\/\/api.w.org\/{rel}","templated":true}]}}