{"id":2967,"date":"2025-05-26T13:24:01","date_gmt":"2025-05-26T11:24:01","guid":{"rendered":"https:\/\/dapsenegal.com\/?page_id=2967"},"modified":"2025-05-26T13:42:41","modified_gmt":"2025-05-26T11:42:41","slug":"vente-de-pieces-detachees-2","status":"publish","type":"page","link":"https:\/\/dapsenegal.com\/?page_id=2967","title":{"rendered":"Vente de pi\u00e8ces d\u00e9tach\u00e9es"},"content":{"rendered":"\t\t<div data-elementor-type=\"wp-page\" data-elementor-id=\"2967\" class=\"elementor elementor-2967\" data-elementor-post-type=\"page\">\n\t\t\t\t<div class=\"elementor-element elementor-element-77e4de0 e-flex e-con-boxed e-con e-parent\" data-id=\"77e4de0\" data-element_type=\"container\">\n\t\t\t\t\t<div class=\"e-con-inner\">\n\t\t<div class=\"elementor-element elementor-element-5e1c8f3 e-con-full e-flex e-con e-child\" data-id=\"5e1c8f3\" data-element_type=\"container\">\n\t\t\t\t<div class=\"elementor-element elementor-element-30fcfc1 elementor-widget elementor-widget-image\" data-id=\"30fcfc1\" data-element_type=\"widget\" data-widget_type=\"image.default\">\n\t\t\t\t<div class=\"elementor-widget-container\">\n\t\t\t\t\t\t\t\t\t\t\t\t\t<img fetchpriority=\"high\" decoding=\"async\" width=\"640\" height=\"309\" src=\"https:\/\/dapsenegal.com\/wp-content\/uploads\/2017\/03\/services-5-img-1-1.jpg\" class=\"attachment-large size-large wp-image-1004\" alt=\"\" srcset=\"https:\/\/dapsenegal.com\/wp-content\/uploads\/2017\/03\/services-5-img-1-1.jpg 960w, https:\/\/dapsenegal.com\/wp-content\/uploads\/2017\/03\/services-5-img-1-1-600x290.jpg 600w, https:\/\/dapsenegal.com\/wp-content\/uploads\/2017\/03\/services-5-img-1-1-300x145.jpg 300w, https:\/\/dapsenegal.com\/wp-content\/uploads\/2017\/03\/services-5-img-1-1-768x371.jpg 768w, https:\/\/dapsenegal.com\/wp-content\/uploads\/2017\/03\/services-5-img-1-1-870x421.jpg 870w\" sizes=\"(max-width: 640px) 100vw, 640px\" \/>\t\t\t\t\t\t\t\t\t\t\t\t\t<\/div>\n\t\t\t\t<\/div>\n\t\t\t\t<\/div>\n\t\t<div class=\"elementor-element elementor-element-de408e9 e-con-full e-flex e-con e-child\" data-id=\"de408e9\" data-element_type=\"container\">\n\t\t\t\t<div class=\"elementor-element elementor-element-e7c9a6b elementor-widget elementor-widget-heading\" data-id=\"e7c9a6b\" data-element_type=\"widget\" data-widget_type=\"heading.default\">\n\t\t\t\t<div class=\"elementor-widget-container\">\n\t\t\t<h2 class=\"elementor-heading-title elementor-size-default\">Des pi\u00e8ces auto fiables, au bon prix<\/h2>\t\t<\/div>\n\t\t\t\t<\/div>\n\t\t\t\t<div class=\"elementor-element elementor-element-5cce085 elementor-widget elementor-widget-text-editor\" data-id=\"5cce085\" data-element_type=\"widget\" data-widget_type=\"text-editor.default\">\n\t\t\t\t<div class=\"elementor-widget-container\">\n\t\t\t\t\t\t\t<p>\u00a0Nous savons que la qualit\u00e9 des pi\u00e8ces d\u00e9tach\u00e9es est essentielle pour la s\u00e9curit\u00e9 et la performance de votre v\u00e9hicule. C\u2019est pourquoi nous vous proposons un vaste choix de <strong data-start=\"522\" data-end=\"557\">pi\u00e8ces d\u2019origine et compatibles<\/strong>, couvrant toutes les marques de voitures disponibles au S\u00e9n\u00e9gal<\/p>\t\t\t\t\t\t<\/div>\n\t\t\t\t<\/div>\n\t\t\t\t<\/div>\n\t\t\t\t\t<\/div>\n\t\t\t\t<\/div>\n\t\t<div class=\"elementor-element elementor-element-3cca140 animated-slow e-flex e-con-boxed elementor-invisible e-con e-parent\" data-id=\"3cca140\" data-element_type=\"container\" data-settings=\"{&quot;animation&quot;:&quot;fadeInDown&quot;}\">\n\t\t\t\t\t<div class=\"e-con-inner\">\n\t\t\t\t<div class=\"elementor-element elementor-element-24d5887 elementor-widget elementor-widget-heading\" data-id=\"24d5887\" data-element_type=\"widget\" data-widget_type=\"heading.default\">\n\t\t\t\t<div class=\"elementor-widget-container\">\n\t\t\t<h2 class=\"elementor-heading-title elementor-size-default\">Notre promesse <\/h2>\t\t<\/div>\n\t\t\t\t<\/div>\n\t\t\t\t\t<\/div>\n\t\t\t\t<\/div>\n\t\t<div class=\"elementor-element elementor-element-f51004a e-flex e-con-boxed elementor-invisible e-con e-parent\" data-id=\"f51004a\" data-element_type=\"container\" data-settings=\"{&quot;background_background&quot;:&quot;classic&quot;,&quot;animation&quot;:&quot;fadeInLeft&quot;}\">\n\t\t\t\t\t<div class=\"e-con-inner\">\n\t\t<div class=\"elementor-element elementor-element-dbc658a e-con-full e-flex e-con e-child\" data-id=\"dbc658a\" data-element_type=\"container\">\n\t\t\t\t<div class=\"elementor-element elementor-element-610f227 elementor-icon-list--layout-traditional elementor-list-item-link-full_width elementor-widget elementor-widget-icon-list\" data-id=\"610f227\" data-element_type=\"widget\" data-widget_type=\"icon-list.default\">\n\t\t\t\t<div class=\"elementor-widget-container\">\n\t\t\t\t\t<ul class=\"elementor-icon-list-items\">\n\t\t\t\t\t\t\t<li class=\"elementor-icon-list-item\">\n\t\t\t\t\t\t\t\t\t\t\t<span class=\"elementor-icon-list-icon\">\n\t\t\t\t\t\t\t<svg aria-hidden=\"true\" class=\"e-font-icon-svg e-fas-check\" viewBox=\"0 0 512 512\" xmlns=\"http:\/\/www.w3.org\/2000\/svg\"><path d=\"M173.898 439.404l-166.4-166.4c-9.997-9.997-9.997-26.206 0-36.204l36.203-36.204c9.997-9.998 26.207-9.998 36.204 0L192 312.69 432.095 72.596c9.997-9.997 26.207-9.997 36.204 0l36.203 36.204c9.997 9.997 9.997 26.206 0 36.204l-294.4 294.401c-9.998 9.997-26.207 9.997-36.204-.001z\"><\/path><\/svg>\t\t\t\t\t\t<\/span>\n\t\t\t\t\t\t\t\t\t\t<span class=\"elementor-icon-list-text\">Une large gamme de pi\u00e8ces d\u00e9tach\u00e9es toutes marques<\/span>\n\t\t\t\t\t\t\t\t\t<\/li>\n\t\t\t\t\t\t\t\t<li class=\"elementor-icon-list-item\">\n\t\t\t\t\t\t\t\t\t\t\t<span class=\"elementor-icon-list-icon\">\n\t\t\t\t\t\t\t<svg aria-hidden=\"true\" class=\"e-font-icon-svg e-fas-times\" viewBox=\"0 0 352 512\" xmlns=\"http:\/\/www.w3.org\/2000\/svg\"><path d=\"M242.72 256l100.07-100.07c12.28-12.28 12.28-32.19 0-44.48l-22.24-22.24c-12.28-12.28-32.19-12.28-44.48 0L176 189.28 75.93 89.21c-12.28-12.28-32.19-12.28-44.48 0L9.21 111.45c-12.28 12.28-12.28 32.19 0 44.48L109.28 256 9.21 356.07c-12.28 12.28-12.28 32.19 0 44.48l22.24 22.24c12.28 12.28 32.2 12.28 44.48 0L176 322.72l100.07 100.07c12.28 12.28 32.2 12.28 44.48 0l22.24-22.24c12.28-12.28 12.28-32.19 0-44.48L242.72 256z\"><\/path><\/svg>\t\t\t\t\t\t<\/span>\n\t\t\t\t\t\t\t\t\t\t<span class=\"elementor-icon-list-text\">Des prix comp\u00e9titifs et transparents<\/span>\n\t\t\t\t\t\t\t\t\t<\/li>\n\t\t\t\t\t\t\t\t<li class=\"elementor-icon-list-item\">\n\t\t\t\t\t\t\t\t\t\t\t<span class=\"elementor-icon-list-icon\">\n\t\t\t\t\t\t\t<svg aria-hidden=\"true\" class=\"e-font-icon-svg e-fas-dot-circle\" viewBox=\"0 0 512 512\" xmlns=\"http:\/\/www.w3.org\/2000\/svg\"><path d=\"M256 8C119.033 8 8 119.033 8 256s111.033 248 248 248 248-111.033 248-248S392.967 8 256 8zm80 248c0 44.112-35.888 80-80 80s-80-35.888-80-80 35.888-80 80-80 80 35.888 80 80z\"><\/path><\/svg>\t\t\t\t\t\t<\/span>\n\t\t\t\t\t\t\t\t\t\t<span class=\"elementor-icon-list-text\">Des produits contr\u00f4l\u00e9s et garantis<\/span>\n\t\t\t\t\t\t\t\t\t<\/li>\n\t\t\t\t\t\t\t\t<li class=\"elementor-icon-list-item\">\n\t\t\t\t\t\t\t\t\t\t\t<span class=\"elementor-icon-list-icon\">\n\t\t\t\t\t\t\t<svg aria-hidden=\"true\" class=\"e-font-icon-svg e-fas-check\" viewBox=\"0 0 512 512\" xmlns=\"http:\/\/www.w3.org\/2000\/svg\"><path d=\"M173.898 439.404l-166.4-166.4c-9.997-9.997-9.997-26.206 0-36.204l36.203-36.204c9.997-9.998 26.207-9.998 36.204 0L192 312.69 432.095 72.596c9.997-9.997 26.207-9.997 36.204 0l36.203 36.204c9.997 9.997 9.997 26.206 0 36.204l-294.4 294.401c-9.998 9.997-26.207 9.997-36.204-.001z\"><\/path><\/svg>\t\t\t\t\t\t<\/span>\n\t\t\t\t\t\t\t\t\t\t<span class=\"elementor-icon-list-text\">Un accompagnement technique sur mesure<\/span>\n\t\t\t\t\t\t\t\t\t<\/li>\n\t\t\t\t\t\t<\/ul>\n\t\t\t\t<\/div>\n\t\t\t\t<\/div>\n\t\t\t\t<\/div>\n\t\t<div class=\"elementor-element elementor-element-5896c3f e-con-full e-flex e-con e-child\" data-id=\"5896c3f\" data-element_type=\"container\">\n\t\t\t\t<div class=\"elementor-element elementor-element-0681ab8 elementor-widget elementor-widget-heading\" data-id=\"0681ab8\" data-element_type=\"widget\" data-widget_type=\"heading.default\">\n\t\t\t\t<div class=\"elementor-widget-container\">\n\t\t\t<h2 class=\"elementor-heading-title elementor-size-default\">Besoin d\u2019une pi\u00e8ce ? Trouvez-la en quelques clics<\/h2>\t\t<\/div>\n\t\t\t\t<\/div>\n\t\t\t\t<div class=\"elementor-element elementor-element-814e9e1 elementor-widget elementor-widget-text-editor\" data-id=\"814e9e1\" data-element_type=\"widget\" data-widget_type=\"text-editor.default\">\n\t\t\t\t<div class=\"elementor-widget-container\">\n\t\t\t\t\t\t\t<p data-start=\"194\" data-end=\"396\">Trouvez rapidement les pi\u00e8ces d\u00e9tach\u00e9es qu\u2019il vous faut parmi un large choix de produits de qualit\u00e9, compatibles avec toutes les marques de v\u00e9hicules. Commandez en toute confiance, directement en ligne.<\/p><p>\u00a0<\/p>\t\t\t\t\t\t<\/div>\n\t\t\t\t<\/div>\n\t\t\t\t<div class=\"elementor-element elementor-element-a8cf46a elementor-widget elementor-widget-button\" data-id=\"a8cf46a\" data-element_type=\"widget\" data-widget_type=\"button.default\">\n\t\t\t\t<div class=\"elementor-widget-container\">\n\t\t\t\t\t<div class=\"elementor-button-wrapper\">\n\t\t\t<a class=\"elementor-button elementor-button-link elementor-size-sm\" href=\"https:\/\/dapsenegal.com\/?page_id=711\">\n\t\t\t\t\t\t<span class=\"elementor-button-content-wrapper\">\n\t\t\t\t\t\t\t\t\t<span class=\"elementor-button-text\">Acheter<\/span>\n\t\t\t\t\t<\/span>\n\t\t\t\t\t<\/a>\n\t\t<\/div>\n\t\t\t\t<\/div>\n\t\t\t\t<\/div>\n\t\t\t\t<\/div>\n\t\t\t\t\t<\/div>\n\t\t\t\t<\/div>\n\t\t\t\t<\/div>\n\t\t","protected":false},"excerpt":{"rendered":"<p>Des pi\u00e8ces auto fiables, au bon prix \u00a0Nous savons que la qualit\u00e9 des pi\u00e8ces d\u00e9tach\u00e9es est essentielle pour la s\u00e9curit\u00e9 et la performance de votre v\u00e9hicule. C\u2019est pourquoi nous vous proposons un vaste choix de pi\u00e8ces d\u2019origine et compatibles, couvrant toutes les marques de voitures disponibles au S\u00e9n\u00e9gal Notre promesse Une large gamme de pi\u00e8ces [&hellip;]<\/p>\n","protected":false},"author":1,"featured_media":2914,"parent":0,"menu_order":0,"comment_status":"closed","ping_status":"closed","template":"","meta":{"footnotes":""},"class_list":["post-2967","page","type-page","status-publish","has-post-thumbnail","hentry"],"yoast_head":"<!-- This site is optimized with the Yoast SEO plugin v23.6 - https:\/\/yoast.com\/wordpress\/plugins\/seo\/ -->\n<title>Vente de pi\u00e8ces d\u00e9tach\u00e9es - dapsenegal<\/title>\n<meta name=\"robots\" content=\"index, follow, max-snippet:-1, max-image-preview:large, max-video-preview:-1\" \/>\n<link rel=\"canonical\" href=\"https:\/\/dapsenegal.com\/?page_id=2967\" \/>\n<meta property=\"og:locale\" content=\"fr_FR\" \/>\n<meta property=\"og:type\" content=\"article\" \/>\n<meta property=\"og:title\" content=\"Vente de pi\u00e8ces d\u00e9tach\u00e9es - dapsenegal\" \/>\n<meta property=\"og:description\" content=\"Des pi\u00e8ces auto fiables, au bon prix \u00a0Nous savons que la qualit\u00e9 des pi\u00e8ces d\u00e9tach\u00e9es est essentielle pour la s\u00e9curit\u00e9 et la performance de votre v\u00e9hicule. C\u2019est pourquoi nous vous proposons un vaste choix de pi\u00e8ces d\u2019origine et compatibles, couvrant toutes les marques de voitures disponibles au S\u00e9n\u00e9gal Notre promesse Une large gamme de pi\u00e8ces [&hellip;]\" \/>\n<meta property=\"og:url\" content=\"https:\/\/dapsenegal.com\/?page_id=2967\" \/>\n<meta property=\"og:site_name\" content=\"dapsenegal\" \/>\n<meta property=\"article:modified_time\" content=\"2025-05-26T11:42:41+00:00\" \/>\n<meta name=\"twitter:card\" content=\"summary_large_image\" \/>\n<meta name=\"twitter:label1\" content=\"Dur\u00e9e de lecture estim\u00e9e\" \/>\n\t<meta name=\"twitter:data1\" content=\"1 minute\" \/>\n<script type=\"application\/ld+json\" class=\"yoast-schema-graph\">{\"@context\":\"https:\/\/schema.org\",\"@graph\":[{\"@type\":\"WebPage\",\"@id\":\"https:\/\/dapsenegal.com\/?page_id=2967\",\"url\":\"https:\/\/dapsenegal.com\/?page_id=2967\",\"name\":\"Vente de pi\u00e8ces d\u00e9tach\u00e9es - dapsenegal\",\"isPartOf\":{\"@id\":\"https:\/\/dapsenegal.com\/#website\"},\"primaryImageOfPage\":{\"@id\":\"https:\/\/dapsenegal.com\/?page_id=2967#primaryimage\"},\"image\":{\"@id\":\"https:\/\/dapsenegal.com\/?page_id=2967#primaryimage\"},\"thumbnailUrl\":\"https:\/\/dapsenegal.com\/wp-content\/uploads\/2017\/03\/voiture-3d-ville-animee-nuit_23-2150796972.avif\",\"datePublished\":\"2025-05-26T11:24:01+00:00\",\"dateModified\":\"2025-05-26T11:42:41+00:00\",\"breadcrumb\":{\"@id\":\"https:\/\/dapsenegal.com\/?page_id=2967#breadcrumb\"},\"inLanguage\":\"fr-FR\",\"potentialAction\":[{\"@type\":\"ReadAction\",\"target\":[\"https:\/\/dapsenegal.com\/?page_id=2967\"]}]},{\"@type\":\"ImageObject\",\"inLanguage\":\"fr-FR\",\"@id\":\"https:\/\/dapsenegal.com\/?page_id=2967#primaryimage\",\"url\":\"https:\/\/dapsenegal.com\/wp-content\/uploads\/2017\/03\/voiture-3d-ville-animee-nuit_23-2150796972.avif\",\"contentUrl\":\"https:\/\/dapsenegal.com\/wp-content\/uploads\/2017\/03\/voiture-3d-ville-animee-nuit_23-2150796972.avif\",\"width\":740,\"height\":740},{\"@type\":\"BreadcrumbList\",\"@id\":\"https:\/\/dapsenegal.com\/?page_id=2967#breadcrumb\",\"itemListElement\":[{\"@type\":\"ListItem\",\"position\":1,\"name\":\"Home\",\"item\":\"https:\/\/dapsenegal.com\/\"},{\"@type\":\"ListItem\",\"position\":2,\"name\":\"Vente de pi\u00e8ces d\u00e9tach\u00e9es\"}]},{\"@type\":\"WebSite\",\"@id\":\"https:\/\/dapsenegal.com\/#website\",\"url\":\"https:\/\/dapsenegal.com\/\",\"name\":\"dapsenegal\",\"description\":\"\",\"potentialAction\":[{\"@type\":\"SearchAction\",\"target\":{\"@type\":\"EntryPoint\",\"urlTemplate\":\"https:\/\/dapsenegal.com\/?s={search_term_string}\"},\"query-input\":{\"@type\":\"PropertyValueSpecification\",\"valueRequired\":true,\"valueName\":\"search_term_string\"}}],\"inLanguage\":\"fr-FR\"}]}<\/script>\n<!-- \/ Yoast SEO plugin. -->","yoast_head_json":{"title":"Vente de pi\u00e8ces d\u00e9tach\u00e9es - dapsenegal","robots":{"index":"index","follow":"follow","max-snippet":"max-snippet:-1","max-image-preview":"max-image-preview:large","max-video-preview":"max-video-preview:-1"},"canonical":"https:\/\/dapsenegal.com\/?page_id=2967","og_locale":"fr_FR","og_type":"article","og_title":"Vente de pi\u00e8ces d\u00e9tach\u00e9es - dapsenegal","og_description":"Des pi\u00e8ces auto fiables, au bon prix \u00a0Nous savons que la qualit\u00e9 des pi\u00e8ces d\u00e9tach\u00e9es est essentielle pour la s\u00e9curit\u00e9 et la performance de votre v\u00e9hicule. C\u2019est pourquoi nous vous proposons un vaste choix de pi\u00e8ces d\u2019origine et compatibles, couvrant toutes les marques de voitures disponibles au S\u00e9n\u00e9gal Notre promesse Une large gamme de pi\u00e8ces [&hellip;]","og_url":"https:\/\/dapsenegal.com\/?page_id=2967","og_site_name":"dapsenegal","article_modified_time":"2025-05-26T11:42:41+00:00","twitter_card":"summary_large_image","twitter_misc":{"Dur\u00e9e de lecture estim\u00e9e":"1 minute"},"schema":{"@context":"https:\/\/schema.org","@graph":[{"@type":"WebPage","@id":"https:\/\/dapsenegal.com\/?page_id=2967","url":"https:\/\/dapsenegal.com\/?page_id=2967","name":"Vente de pi\u00e8ces d\u00e9tach\u00e9es - dapsenegal","isPartOf":{"@id":"https:\/\/dapsenegal.com\/#website"},"primaryImageOfPage":{"@id":"https:\/\/dapsenegal.com\/?page_id=2967#primaryimage"},"image":{"@id":"https:\/\/dapsenegal.com\/?page_id=2967#primaryimage"},"thumbnailUrl":"https:\/\/dapsenegal.com\/wp-content\/uploads\/2017\/03\/voiture-3d-ville-animee-nuit_23-2150796972.avif","datePublished":"2025-05-26T11:24:01+00:00","dateModified":"2025-05-26T11:42:41+00:00","breadcrumb":{"@id":"https:\/\/dapsenegal.com\/?page_id=2967#breadcrumb"},"inLanguage":"fr-FR","potentialAction":[{"@type":"ReadAction","target":["https:\/\/dapsenegal.com\/?page_id=2967"]}]},{"@type":"ImageObject","inLanguage":"fr-FR","@id":"https:\/\/dapsenegal.com\/?page_id=2967#primaryimage","url":"https:\/\/dapsenegal.com\/wp-content\/uploads\/2017\/03\/voiture-3d-ville-animee-nuit_23-2150796972.avif","contentUrl":"https:\/\/dapsenegal.com\/wp-content\/uploads\/2017\/03\/voiture-3d-ville-animee-nuit_23-2150796972.avif","width":740,"height":740},{"@type":"BreadcrumbList","@id":"https:\/\/dapsenegal.com\/?page_id=2967#breadcrumb","itemListElement":[{"@type":"ListItem","position":1,"name":"Home","item":"https:\/\/dapsenegal.com\/"},{"@type":"ListItem","position":2,"name":"Vente de pi\u00e8ces d\u00e9tach\u00e9es"}]},{"@type":"WebSite","@id":"https:\/\/dapsenegal.com\/#website","url":"https:\/\/dapsenegal.com\/","name":"dapsenegal","description":"","potentialAction":[{"@type":"SearchAction","target":{"@type":"EntryPoint","urlTemplate":"https:\/\/dapsenegal.com\/?s={search_term_string}"},"query-input":{"@type":"PropertyValueSpecification","valueRequired":true,"valueName":"search_term_string"}}],"inLanguage":"fr-FR"}]}},"_links":{"self":[{"href":"https:\/\/dapsenegal.com\/index.php?rest_route=\/wp\/v2\/pages\/2967","targetHints":{"allow":["GET"]}}],"collection":[{"href":"https:\/\/dapsenegal.com\/index.php?rest_route=\/wp\/v2\/pages"}],"about":[{"href":"https:\/\/dapsenegal.com\/index.php?rest_route=\/wp\/v2\/types\/page"}],"author":[{"embeddable":true,"href":"https:\/\/dapsenegal.com\/index.php?rest_route=\/wp\/v2\/users\/1"}],"replies":[{"embeddable":true,"href":"https:\/\/dapsenegal.com\/index.php?rest_route=%2Fwp%2Fv2%2Fcomments&post=2967"}],"version-history":[{"count":4,"href":"https:\/\/dapsenegal.com\/index.php?rest_route=\/wp\/v2\/pages\/2967\/revisions"}],"predecessor-version":[{"id":2975,"href":"https:\/\/dapsenegal.com\/index.php?rest_route=\/wp\/v2\/pages\/2967\/revisions\/2975"}],"wp:featuredmedia":[{"embeddable":true,"href":"https:\/\/dapsenegal.com\/index.php?rest_route=\/wp\/v2\/media\/2914"}],"wp:attachment":[{"href":"https:\/\/dapsenegal.com\/index.php?rest_route=%2Fwp%2Fv2%2Fmedia&parent=2967"}],"curies":[{"name":"wp","href":"https:\/\/api.w.org\/{rel}","templated":true}]}}