{"id":48,"date":"2017-03-08T15:48:52","date_gmt":"2017-03-08T15:48:52","guid":{"rendered":"https:\/\/smartdata.tonytemplates.com\/car-repair-service-v4-services\/?page_id=48"},"modified":"2025-05-28T15:58:39","modified_gmt":"2025-05-28T13:58:39","slug":"contacts","status":"publish","type":"page","link":"https:\/\/dapsenegal.com\/?page_id=48","title":{"rendered":"Contact"},"content":{"rendered":"\t\t<div data-elementor-type=\"wp-page\" data-elementor-id=\"48\" class=\"elementor elementor-48\" data-elementor-post-type=\"page\">\n\t\t\t\t\t\t<section class=\"elementor-section elementor-top-section elementor-element elementor-element-6fc64d4 elementor-section-stretched elementor-section-full_width elementor-section-height-default elementor-section-height-default\" data-id=\"6fc64d4\" data-element_type=\"section\" data-settings=\"{&quot;stretch_section&quot;:&quot;section-stretched&quot;}\">\n\t\t\t\t\t\t<div class=\"elementor-container elementor-column-gap-no\">\n\t\t\t\t\t<div class=\"elementor-column elementor-col-100 elementor-top-column elementor-element elementor-element-7273983\" data-id=\"7273983\" data-element_type=\"column\">\n\t\t\t<div class=\"elementor-widget-wrap elementor-element-populated\">\n\t\t\t\t\t\t<div class=\"elementor-element elementor-element-b591a35 elementor-widget elementor-widget-contact_page\" data-id=\"b591a35\" data-element_type=\"widget\" data-widget_type=\"contact_page.default\">\n\t\t\t\t<div class=\"elementor-widget-container\">\n\t\t\t\t\t<div class=\"section-bg01\">\n\t\t\t<div class=\"block\">\n\t\t\t\t<div class=\"container no-gutters\">\n\t\t\t\t\t<div class=\"row \">\n\t\t\t\t\t\t<div class=\"col-sm-5 col-md-4 col-sm-push-7 col-md-push-8\">\n\t\t\t\t\t\t\t<div class=\"info02-wrapper\">\n\t\t\t\t\t\t\t\t\t\t\t\t\t\t\t<div class=\"info02\">\n\t\t\t\t\t\t\t\t\t<div class=\"info02__icon\"><span class=\" icon-locate\"><\/span><\/div>\n\t\t\t\t\t\t\t\t\t<h6 class=\"info02__title\">\n\t\t\t\t\t\t\t\t\t\tAdresse\t\t\t\t\t\t\t\t\t<\/h6>\n\t\t\t\t\t\t\t\t\t<address>\n\t\t\t\t\t\t\t\t\tFass Casier <br>en face Immeuble Dabakh\t\t\t\t\t\t\t\t\t<\/address>\n\t\t\t\t\t\t\t\t<\/div>\n\t\t\t\t\t\t\t\t\t\t\t\t\t\t\t\t<div class=\"info02\">\n\t\t\t\t\t\t\t\t\t<div class=\"info02__icon\"><span class=\" icon-phone\"><\/span><\/div>\n\t\t\t\t\t\t\t\t\t<h6 class=\"info02__title\">\n\t\t\t\t\t\t\t\t\t\tContact \t\t\t\t\t\t\t\t\t<\/h6>\n\t\t\t\t\t\t\t\t\t<address>\n\t\t\t\t\t\t\t\t\t+221 33 822 14 53\t\t\t\t\t\t\t\t\t<\/address>\n\t\t\t\t\t\t\t\t<\/div>\n\t\t\t\t\t\t\t\t\t\t\t\t\t\t\t\t<div class=\"info02\">\n\t\t\t\t\t\t\t\t\t<div class=\"info02__icon\"><span class=\" icon-email\"><\/span><\/div>\n\t\t\t\t\t\t\t\t\t<h6 class=\"info02__title\">\n\t\t\t\t\t\t\t\t\t\tAdresse Email\t\t\t\t\t\t\t\t\t<\/h6>\n\t\t\t\t\t\t\t\t\t<address>\n\t\t\t\t\t\t\t\t\tcontact@dapsenegal.com\t\t\t\t\t\t\t\t\t<\/address>\n\t\t\t\t\t\t\t\t<\/div>\n\t\t\t\t\t\t\t\t\t\t\t\t\t\t\t\t<div class=\"info02\">\n\t\t\t\t\t\t\t\t\t<div class=\"info02__icon\"><span class=\" icon-clock\"><\/span><\/div>\n\t\t\t\t\t\t\t\t\t<h6 class=\"info02__title\">\n\t\t\t\t\t\t\t\t\t\t Horaires d\u2019ouverture\t\t\t\t\t\t\t\t\t<\/h6>\n\t\t\t\t\t\t\t\t\t<address>\n\t\t\t\t\t\t\t\t\tLun-Ven: 9H - 18H <br>Samedi: 9H - 17H<br>Sunday: Ferm\u00e9\t\t\t\t\t\t\t\t\t<\/address>\n\t\t\t\t\t\t\t\t<\/div>\n\t\t\t\t\t\t\t\t\t\t\t\t\t\t\t<\/div>\n\t\t\t\t\t\t<\/div>\n\t\t\t\t\t\t<div class=\"divider-lg hidden-lg hidden-md hidden-sm\"><\/div>\n\t\t\t\t\t\t<div class=\"col-sm-7 col-md-8 col-sm-pull-5 col-md-pull-4\">\n\t\t\t\t\t\t\t<div class=\"box-wrapper\">\n\t\t\t\t\t\t\t\t<div class=\"block-title text-left\">\n\t\t\t\t\t\t\t\t\t<h2 class=\"block-title__title\">Prenez contact!<\/h2>\n\t\t\t\t\t\t\t\t\t<div class=\"block-title__description\">\n\t\t\t\t\t\t\t\t\tObtenez des r\u00e9ponses \u00e0 toutes vos questions automobiles\t\t\t\t\t\t\t\t\t<\/div>\n\t\t\t\t\t\t\t\t\t<div class=\"title-separator\"><\/div>\n\t\t\t\t\t\t\t\t<\/div>\n\t\t\t\t\t\t\t\t\n<div class=\"wpcf7 no-js\" id=\"wpcf7-f2225-o1\" lang=\"en-US\" dir=\"ltr\">\n<div class=\"screen-reader-response\"><p role=\"status\" aria-live=\"polite\" aria-atomic=\"true\"><\/p> <ul><\/ul><\/div>\n<form action=\"\/index.php?rest_route=%2Fwp%2Fv2%2Fpages%2F48#wpcf7-f2225-o1\" method=\"post\" class=\"wpcf7-form init\" aria-label=\"Contact form\" novalidate=\"novalidate\" data-status=\"init\">\n<div style=\"display: none;\">\n<input type=\"hidden\" name=\"_wpcf7\" value=\"2225\" \/>\n<input type=\"hidden\" name=\"_wpcf7_version\" value=\"5.9.8\" \/>\n<input type=\"hidden\" name=\"_wpcf7_locale\" value=\"en_US\" \/>\n<input type=\"hidden\" name=\"_wpcf7_unit_tag\" value=\"wpcf7-f2225-o1\" \/>\n<input type=\"hidden\" name=\"_wpcf7_container_post\" value=\"0\" \/>\n<input type=\"hidden\" name=\"_wpcf7_posted_data_hash\" value=\"\" \/>\n<\/div>\n<div class=\"contact-form form-default\">\n\t<div class=\"row\">\n\t\t<div class=\"col-md-6\">\n\t\t\t<div class=\"input-wrapper\">\n\t\t\t\t<p><span class=\"wpcf7-form-control-wrap\" data-name=\"your-name\"><input size=\"40\" maxlength=\"400\" class=\"wpcf7-form-control wpcf7-text wpcf7-validates-as-required form-control input-full\" aria-required=\"true\" aria-invalid=\"false\" placeholder=\"Votre nom\" value=\"\" type=\"text\" name=\"your-name\" \/><\/span>\n\t\t\t\t<\/p>\n\t\t\t<\/div>\n\t\t<\/div>\n\t\t<div class=\"col-md-6\">\n\t\t\t<div class=\"input-wrapper\">\n\t\t\t\t<p><span class=\"wpcf7-form-control-wrap\" data-name=\"your-email\"><input size=\"40\" maxlength=\"400\" class=\"wpcf7-form-control wpcf7-email wpcf7-validates-as-required wpcf7-text wpcf7-validates-as-email form-control input-full\" aria-required=\"true\" aria-invalid=\"false\" placeholder=\"adresse@votremail.com\" value=\"\" type=\"email\" name=\"your-email\" \/><\/span>\n\t\t\t\t<\/p>\n\t\t\t<\/div>\n\t\t<\/div>\n\t<\/div>\n\t<div class=\"input-wrapper\">\n\t\t<p><span class=\"wpcf7-form-control-wrap\" data-name=\"your-message\"><textarea cols=\"40\" rows=\"10\" maxlength=\"2000\" class=\"wpcf7-form-control wpcf7-textarea wpcf7-validates-as-required input-full form-control\" aria-required=\"true\" aria-invalid=\"false\" placeholder=\"Votre question...\" name=\"your-message\"><\/textarea><\/span>\n\t\t<\/p>\n\t<\/div>\n\t<div>\n\t\t<p><button type=\"submit\" id=\"submit-contact\" class=\"btn btn-border btn-invert btn-wide wpcf7-form-control wpcf7-submit\"><br \/>\n<span>Nous contacter<\/span><br \/>\n<\/button>\n\t\t<\/p>\n\t<\/div>\n<\/div><div class=\"wpcf7-response-output\" aria-hidden=\"true\"><\/div>\n<\/form>\n<\/div>\n\t\t\t\t\t\t\t<\/div>\n\t\t\t\t\t\t<\/div>\n\t\t\t\t\t<\/div>\n\t\t\t\t<\/div>\n\t\t\t<\/div>\n\t\t<\/div>\n\t\t\t\t<\/div>\n\t\t\t\t<\/div>\n\t\t\t\t\t<\/div>\n\t\t<\/div>\n\t\t\t\t\t<\/div>\n\t\t<\/section>\n\t\t\t\t<\/div>\n\t\t","protected":false},"excerpt":{"rendered":"<p>Adresse Fass Casier en face Immeuble Dabakh Contact +221 33 822 14 53 Adresse Email contact@dapsenegal.com Horaires d\u2019ouverture Lun-Ven: 9H &#8211; 18H Samedi: 9H &#8211; 17HSunday: Ferm\u00e9 Prenez contact! Obtenez des r\u00e9ponses \u00e0 toutes vos questions automobiles Nous contacter<\/p>\n","protected":false},"author":1,"featured_media":2949,"parent":0,"menu_order":0,"comment_status":"closed","ping_status":"closed","template":"","meta":{"footnotes":""},"class_list":["post-48","page","type-page","status-publish","has-post-thumbnail","hentry"],"yoast_head":"<!-- This site is optimized with the Yoast SEO plugin v23.6 - https:\/\/yoast.com\/wordpress\/plugins\/seo\/ -->\n<title>Contact - dapsenegal<\/title>\n<meta name=\"robots\" content=\"index, follow, max-snippet:-1, max-image-preview:large, max-video-preview:-1\" \/>\n<link rel=\"canonical\" href=\"https:\/\/dapsenegal.com\/?page_id=48\" \/>\n<meta property=\"og:locale\" content=\"fr_FR\" \/>\n<meta property=\"og:type\" content=\"article\" \/>\n<meta property=\"og:title\" content=\"Contact - dapsenegal\" \/>\n<meta property=\"og:description\" content=\"Adresse Fass Casier en face Immeuble Dabakh Contact +221 33 822 14 53 Adresse Email contact@dapsenegal.com Horaires d\u2019ouverture Lun-Ven: 9H &#8211; 18H Samedi: 9H &#8211; 17HSunday: Ferm\u00e9 Prenez contact! Obtenez des r\u00e9ponses \u00e0 toutes vos questions automobiles Nous contacter\" \/>\n<meta property=\"og:url\" content=\"https:\/\/dapsenegal.com\/?page_id=48\" \/>\n<meta property=\"og:site_name\" content=\"dapsenegal\" \/>\n<meta property=\"article:modified_time\" content=\"2025-05-28T13:58:39+00:00\" \/>\n<meta name=\"twitter:card\" content=\"summary_large_image\" \/>\n<meta name=\"twitter:label1\" content=\"Dur\u00e9e de lecture estim\u00e9e\" \/>\n\t<meta name=\"twitter:data1\" content=\"1 minute\" \/>\n<script type=\"application\/ld+json\" class=\"yoast-schema-graph\">{\"@context\":\"https:\/\/schema.org\",\"@graph\":[{\"@type\":\"WebPage\",\"@id\":\"https:\/\/dapsenegal.com\/?page_id=48\",\"url\":\"https:\/\/dapsenegal.com\/?page_id=48\",\"name\":\"Contact - dapsenegal\",\"isPartOf\":{\"@id\":\"https:\/\/dapsenegal.com\/#website\"},\"primaryImageOfPage\":{\"@id\":\"https:\/\/dapsenegal.com\/?page_id=48#primaryimage\"},\"image\":{\"@id\":\"https:\/\/dapsenegal.com\/?page_id=48#primaryimage\"},\"thumbnailUrl\":\"https:\/\/dapsenegal.com\/wp-content\/uploads\/2017\/03\/vue-voiture-3d_23-2150796980.avif\",\"datePublished\":\"2017-03-08T15:48:52+00:00\",\"dateModified\":\"2025-05-28T13:58:39+00:00\",\"breadcrumb\":{\"@id\":\"https:\/\/dapsenegal.com\/?page_id=48#breadcrumb\"},\"inLanguage\":\"fr-FR\",\"potentialAction\":[{\"@type\":\"ReadAction\",\"target\":[\"https:\/\/dapsenegal.com\/?page_id=48\"]}]},{\"@type\":\"ImageObject\",\"inLanguage\":\"fr-FR\",\"@id\":\"https:\/\/dapsenegal.com\/?page_id=48#primaryimage\",\"url\":\"https:\/\/dapsenegal.com\/wp-content\/uploads\/2017\/03\/vue-voiture-3d_23-2150796980.avif\",\"contentUrl\":\"https:\/\/dapsenegal.com\/wp-content\/uploads\/2017\/03\/vue-voiture-3d_23-2150796980.avif\",\"width\":740,\"height\":740},{\"@type\":\"BreadcrumbList\",\"@id\":\"https:\/\/dapsenegal.com\/?page_id=48#breadcrumb\",\"itemListElement\":[{\"@type\":\"ListItem\",\"position\":1,\"name\":\"Home\",\"item\":\"https:\/\/dapsenegal.com\/\"},{\"@type\":\"ListItem\",\"position\":2,\"name\":\"Contact\"}]},{\"@type\":\"WebSite\",\"@id\":\"https:\/\/dapsenegal.com\/#website\",\"url\":\"https:\/\/dapsenegal.com\/\",\"name\":\"dapsenegal\",\"description\":\"\",\"potentialAction\":[{\"@type\":\"SearchAction\",\"target\":{\"@type\":\"EntryPoint\",\"urlTemplate\":\"https:\/\/dapsenegal.com\/?s={search_term_string}\"},\"query-input\":{\"@type\":\"PropertyValueSpecification\",\"valueRequired\":true,\"valueName\":\"search_term_string\"}}],\"inLanguage\":\"fr-FR\"}]}<\/script>\n<!-- \/ Yoast SEO plugin. -->","yoast_head_json":{"title":"Contact - dapsenegal","robots":{"index":"index","follow":"follow","max-snippet":"max-snippet:-1","max-image-preview":"max-image-preview:large","max-video-preview":"max-video-preview:-1"},"canonical":"https:\/\/dapsenegal.com\/?page_id=48","og_locale":"fr_FR","og_type":"article","og_title":"Contact - dapsenegal","og_description":"Adresse Fass Casier en face Immeuble Dabakh Contact +221 33 822 14 53 Adresse Email contact@dapsenegal.com Horaires d\u2019ouverture Lun-Ven: 9H &#8211; 18H Samedi: 9H &#8211; 17HSunday: Ferm\u00e9 Prenez contact! Obtenez des r\u00e9ponses \u00e0 toutes vos questions automobiles Nous contacter","og_url":"https:\/\/dapsenegal.com\/?page_id=48","og_site_name":"dapsenegal","article_modified_time":"2025-05-28T13:58:39+00:00","twitter_card":"summary_large_image","twitter_misc":{"Dur\u00e9e de lecture estim\u00e9e":"1 minute"},"schema":{"@context":"https:\/\/schema.org","@graph":[{"@type":"WebPage","@id":"https:\/\/dapsenegal.com\/?page_id=48","url":"https:\/\/dapsenegal.com\/?page_id=48","name":"Contact - dapsenegal","isPartOf":{"@id":"https:\/\/dapsenegal.com\/#website"},"primaryImageOfPage":{"@id":"https:\/\/dapsenegal.com\/?page_id=48#primaryimage"},"image":{"@id":"https:\/\/dapsenegal.com\/?page_id=48#primaryimage"},"thumbnailUrl":"https:\/\/dapsenegal.com\/wp-content\/uploads\/2017\/03\/vue-voiture-3d_23-2150796980.avif","datePublished":"2017-03-08T15:48:52+00:00","dateModified":"2025-05-28T13:58:39+00:00","breadcrumb":{"@id":"https:\/\/dapsenegal.com\/?page_id=48#breadcrumb"},"inLanguage":"fr-FR","potentialAction":[{"@type":"ReadAction","target":["https:\/\/dapsenegal.com\/?page_id=48"]}]},{"@type":"ImageObject","inLanguage":"fr-FR","@id":"https:\/\/dapsenegal.com\/?page_id=48#primaryimage","url":"https:\/\/dapsenegal.com\/wp-content\/uploads\/2017\/03\/vue-voiture-3d_23-2150796980.avif","contentUrl":"https:\/\/dapsenegal.com\/wp-content\/uploads\/2017\/03\/vue-voiture-3d_23-2150796980.avif","width":740,"height":740},{"@type":"BreadcrumbList","@id":"https:\/\/dapsenegal.com\/?page_id=48#breadcrumb","itemListElement":[{"@type":"ListItem","position":1,"name":"Home","item":"https:\/\/dapsenegal.com\/"},{"@type":"ListItem","position":2,"name":"Contact"}]},{"@type":"WebSite","@id":"https:\/\/dapsenegal.com\/#website","url":"https:\/\/dapsenegal.com\/","name":"dapsenegal","description":"","potentialAction":[{"@type":"SearchAction","target":{"@type":"EntryPoint","urlTemplate":"https:\/\/dapsenegal.com\/?s={search_term_string}"},"query-input":{"@type":"PropertyValueSpecification","valueRequired":true,"valueName":"search_term_string"}}],"inLanguage":"fr-FR"}]}},"_links":{"self":[{"href":"https:\/\/dapsenegal.com\/index.php?rest_route=\/wp\/v2\/pages\/48","targetHints":{"allow":["GET"]}}],"collection":[{"href":"https:\/\/dapsenegal.com\/index.php?rest_route=\/wp\/v2\/pages"}],"about":[{"href":"https:\/\/dapsenegal.com\/index.php?rest_route=\/wp\/v2\/types\/page"}],"author":[{"embeddable":true,"href":"https:\/\/dapsenegal.com\/index.php?rest_route=\/wp\/v2\/users\/1"}],"replies":[{"embeddable":true,"href":"https:\/\/dapsenegal.com\/index.php?rest_route=%2Fwp%2Fv2%2Fcomments&post=48"}],"version-history":[{"count":4,"href":"https:\/\/dapsenegal.com\/index.php?rest_route=\/wp\/v2\/pages\/48\/revisions"}],"predecessor-version":[{"id":3039,"href":"https:\/\/dapsenegal.com\/index.php?rest_route=\/wp\/v2\/pages\/48\/revisions\/3039"}],"wp:featuredmedia":[{"embeddable":true,"href":"https:\/\/dapsenegal.com\/index.php?rest_route=\/wp\/v2\/media\/2949"}],"wp:attachment":[{"href":"https:\/\/dapsenegal.com\/index.php?rest_route=%2Fwp%2Fv2%2Fmedia&parent=48"}],"curies":[{"name":"wp","href":"https:\/\/api.w.org\/{rel}","templated":true}]}}